{"id":11769,"date":"2025-07-23T21:12:06","date_gmt":"2025-07-23T19:12:06","guid":{"rendered":"https:\/\/lescreatifs.ma\/proxynsnew\/?post_type=product&#038;p=11769"},"modified":"2025-07-23T21:37:39","modified_gmt":"2025-07-23T19:37:39","slug":"balance-a-haute-resolution-hy10-10-hrp","status":"publish","type":"product","link":"https:\/\/lescreatifs.ma\/proxynsnew\/product\/balance-a-haute-resolution-hy10-10-hrp\/","title":{"rendered":"Balance \u00e0 haute r\u00e9solution HY10.10.HRP"},"content":{"rendered":"\t\t<div data-elementor-type=\"wp-post\" data-elementor-id=\"11769\" class=\"elementor elementor-11769\">\n\t\t\t\t<div class=\"elementor-element elementor-element-53e0658 e-flex e-con-boxed e-con e-parent\" data-id=\"53e0658\" data-element_type=\"container\">\n\t\t\t\t\t<div class=\"e-con-inner\">\n\t\t<div class=\"elementor-element elementor-element-e1a4309 e-con-full e-flex e-con e-child\" data-id=\"e1a4309\" data-element_type=\"container\">\n\t\t<div class=\"elementor-element elementor-element-c2182ee e-con-full e-flex e-con e-child\" data-id=\"c2182ee\" data-element_type=\"container\">\n\t\t<div class=\"elementor-element elementor-element-718c9aa e-con-full e-flex e-con e-child\" data-id=\"718c9aa\" data-element_type=\"container\">\n\t\t\t\t<div class=\"elementor-element elementor-element-63472da elementor-widget__width-initial elementor-widget elementor-widget-video\" data-id=\"63472da\" data-element_type=\"widget\" data-settings=\"{&quot;video_type&quot;:&quot;vimeo&quot;,&quot;autoplay&quot;:&quot;yes&quot;}\" data-widget_type=\"video.default\">\n\t\t\t\t<div class=\"elementor-widget-container\">\n\t\t\t\t\t\t\t<div class=\"elementor-wrapper elementor-open-inline\">\n\t\t\t<iframe class=\"elementor-video-iframe\" allowfullscreen allow=\"autoplay\" title=\"Lecteur vid\u00e9o vimeo\" src=\"https:\/\/player.vimeo.com\/video\/1026153734?autoplay=1&amp;color&amp;autopause=0&amp;loop=0&amp;muted=0&amp;title=1&amp;portrait=1&amp;byline=1#t=\"><\/iframe>\t\t<\/div>\n\t\t\t\t\t\t<\/div>\n\t\t\t\t<\/div>\n\t\t\t\t<\/div>\n\t\t\t\t<\/div>\n\t\t\t\t<\/div>\n\t\t\t\t\t<\/div>\n\t\t\t\t<\/div>\n\t\t<div class=\"elementor-element elementor-element-988c452 e-flex e-con-boxed e-con e-parent\" data-id=\"988c452\" data-element_type=\"container\">\n\t\t\t\t\t<div class=\"e-con-inner\">\n\t\t<div class=\"elementor-element elementor-element-8ec2d0f e-con-full e-flex e-con e-child\" data-id=\"8ec2d0f\" data-element_type=\"container\">\n\t\t\t\t<div class=\"elementor-element elementor-element-c8feb3b elementor-widget elementor-widget-image\" data-id=\"c8feb3b\" data-element_type=\"widget\" data-widget_type=\"image.default\">\n\t\t\t\t<div class=\"elementor-widget-container\">\n\t\t\t\t\t\t\t\t\t\t\t\t\t\t\t<img fetchpriority=\"high\" decoding=\"async\" width=\"430\" height=\"310\" src=\"https:\/\/lescreatifs.ma\/proxynsnew\/wp-content\/uploads\/2025\/07\/mon-430x310.png\" class=\"attachment-ts_team_thumb size-ts_team_thumb wp-image-11777\" alt=\"\" \/>\t\t\t\t\t\t\t\t\t\t\t\t\t\t\t<\/div>\n\t\t\t\t<\/div>\n\t\t\t\t<\/div>\n\t\t<div class=\"elementor-element elementor-element-e142dd4 e-con-full e-flex e-con e-child\" data-id=\"e142dd4\" data-element_type=\"container\">\n\t\t\t\t<div class=\"elementor-element elementor-element-6b24948 elementor-widget elementor-widget-text-editor\" data-id=\"6b24948\" data-element_type=\"widget\" data-widget_type=\"text-editor.default\">\n\t\t\t\t<div class=\"elementor-widget-container\">\n\t\t\t\t\t\t\t\t\t<h2 class=\"tytul_h2_100_NO\" data-style=\"font-size:28px;color: #333;width:100%;\">9 avantages, 1 monobloc<\/h2><div class=\"kontener_opisu_NO\" data-style=\"width:100%;display:flex;align-items:center;justify-content:center;\"><div>Possibilit\u00e9 de\u00a0peser des charges pesant jusqu\u2019\u00e0 150 kg\u00a0sur un\u00a0grand plateau de\u00a0pes\u00e9e avec\u00a0<strong>une grande pr\u00e9cision et\u00a0une bonne r\u00e9p\u00e9tabilit\u00e9, une erreur d\u2019excentricit\u00e9 minimale<\/strong>\u00a0sur toute la\u00a0plage, une mesure rapide et\u00a0stable (r\u00e9alisable en\u00a01 seconde),\u00a0<strong>une stabilit\u00e9 des param\u00e8tres<\/strong>\u00a0pendant et\u00a0apr\u00e8s le\u00a0transport et\u00a0<strong>la taille du\u00a0plateau de\u00a0pes\u00e9e adapt\u00e9e aux balances de\u00a0pr\u00e9cision<\/strong> \u2013 tout cela est le\u00a0r\u00e9sultat de\u00a0l\u2019utilisation d\u2019un syst\u00e8me de\u00a0mesure bas\u00e9 sur la\u00a0technologie am\u00e9lior\u00e9e\u00a0.<\/div><\/div>\t\t\t\t\t\t\t\t<\/div>\n\t\t\t\t<\/div>\n\t\t\t\t<\/div>\n\t\t<div class=\"elementor-element elementor-element-28fc954 e-con-full e-flex e-con e-child\" data-id=\"28fc954\" data-element_type=\"container\">\n\t\t\t\t<div class=\"elementor-element elementor-element-5a1e4c3 elementor-widget elementor-widget-text-editor\" data-id=\"5a1e4c3\" data-element_type=\"widget\" data-widget_type=\"text-editor.default\">\n\t\t\t\t<div class=\"elementor-widget-container\">\n\t\t\t\t\t\t\t\t\t<h2 class=\"tytul_h2_100_NO\" data-style=\"font-size:28px;color: #333;width:100%;\">Pour le\u00a0secteur pharmaceutique, chimique, alimentaire et\u2026<\/h2><div class=\"kontener_opisu_NO\" data-style=\"width:100%;display:flex;align-items:center;justify-content:center;\"><div>Les balances HY10.HRP sont parfaites pour les conditions industrielles o\u00f9 une grande pr\u00e9cision et\u00a0r\u00e9p\u00e9tabilit\u00e9 des mesures sont requises, par exemple dans les industries pharmaceutique, chimique et\u00a0alimentaire. Les balances HY10.HRP et\u00a0HX7.HRP, dont les terminaux sont en\u00a0acier inoxydable, peuvent \u00eatre utilis\u00e9es m\u00eame dans les environnements humides les plus exigeants.<\/div><\/div>\t\t\t\t\t\t\t\t<\/div>\n\t\t\t\t<\/div>\n\t\t\t\t<\/div>\n\t\t<div class=\"elementor-element elementor-element-49fbd87 e-con-full e-flex e-con e-child\" data-id=\"49fbd87\" data-element_type=\"container\">\n\t\t\t\t<div class=\"elementor-element elementor-element-debddb9 elementor-widget elementor-widget-image\" data-id=\"debddb9\" data-element_type=\"widget\" data-widget_type=\"image.default\">\n\t\t\t\t<div class=\"elementor-widget-container\">\n\t\t\t\t\t\t\t\t\t\t\t\t\t\t\t<img decoding=\"async\" width=\"430\" height=\"310\" src=\"https:\/\/lescreatifs.ma\/proxynsnew\/wp-content\/uploads\/2025\/07\/HY10-430x310.png\" class=\"attachment-ts_team_thumb size-ts_team_thumb wp-image-11776\" alt=\"\" \/>\t\t\t\t\t\t\t\t\t\t\t\t\t\t\t<\/div>\n\t\t\t\t<\/div>\n\t\t\t\t<\/div>\n\t\t\t\t\t<\/div>\n\t\t\t\t<\/div>\n\t\t<div class=\"elementor-element elementor-element-d7f73e6 e-flex e-con-boxed e-con e-parent\" data-id=\"d7f73e6\" data-element_type=\"container\">\n\t\t\t\t\t<div class=\"e-con-inner\">\n\t\t<div class=\"elementor-element elementor-element-b59e28b e-con-full e-flex e-con e-child\" data-id=\"b59e28b\" data-element_type=\"container\">\n\t\t\t\t<div class=\"elementor-element elementor-element-2744668 elementor-widget elementor-widget-image\" data-id=\"2744668\" data-element_type=\"widget\" data-widget_type=\"image.default\">\n\t\t\t\t<div class=\"elementor-widget-container\">\n\t\t\t\t\t\t\t\t\t\t\t\t\t\t\t<img decoding=\"async\" width=\"675\" height=\"842\" src=\"https:\/\/lescreatifs.ma\/proxynsnew\/wp-content\/uploads\/2025\/07\/HRP_terminale-675x842.png\" class=\"attachment-yith-woocompare-image size-yith-woocompare-image wp-image-11773\" alt=\"\" \/>\t\t\t\t\t\t\t\t\t\t\t\t\t\t\t<\/div>\n\t\t\t\t<\/div>\n\t\t\t\t<\/div>\n\t\t<div class=\"elementor-element elementor-element-9db12e1 e-con-full e-flex e-con e-child\" data-id=\"9db12e1\" data-element_type=\"container\">\n\t\t\t\t<div class=\"elementor-element elementor-element-95ee2a5 elementor-widget elementor-widget-text-editor\" data-id=\"95ee2a5\" data-element_type=\"widget\" data-widget_type=\"text-editor.default\">\n\t\t\t\t<div class=\"elementor-widget-container\">\n\t\t\t\t\t\t\t\t\t<h2 class=\"tytul_h2_100_NO\" data-style=\"font-size:28px;color: #333;width:100%;\">Deux terminaux au\u00a0choix<\/h2><div class=\"kontener_opisu_NO\" data-style=\"width:100%;display:flex;align-items:center;justify-content:center;\"><div><div>Les balances haute r\u00e9solution HRP peuvent fonctionner avec l\u2019un des deux terminaux industriels: PUE 7.1 et\u00a0PUE HY10.<\/div><div>\u00a0<\/div><div><strong>Le terminal PUE 7.1 dispose de\u00a0:<\/strong><\/div><ul><li>\u00e9cran couleur r\u00e9sistif de\u00a05,7 pouces,\u00a0<\/li><li>clavier tactile,<\/li><li>bo\u00eetier en\u00a0plastique ABS,<\/li><li>niveau de\u00a0protection IP\u00a043,<\/li><li>interfaces de\u00a0communication : 2xRS232, 2xUSB-A, Ethernet, 4 IN\/ 4 OUT, Wi-Fi<sup>\u00ae<\/sup>\u00ae,<\/li><li>modules suppl\u00e9mentaires en\u00a0option : module convertisseur A\/D suppl\u00e9mentaire DP6.<\/li><\/ul><div>\u00a0<\/div><div>\u00a0<\/div><div><strong>Le terminal PUE HY10 dispose de\u00a0:<\/strong><\/div><ul><li>\u00e9cran graphique couleur de\u00a010,1 pouces,<\/li><li>clavier tactile,<\/li><li>bo\u00eetier en\u00a0acier inoxydable,<\/li><li>Niveau de\u00a0protection IP\u00a068\/69,<\/li><li>interfaces de\u00a0communication : 2xRS232, 2xUSB-A, Ethernet, 4 IN\/ 4 OUT,<\/li><li>modules suppl\u00e9mentaires en\u00a0option : Wi-Fi<sup>\u00ae<\/sup>\u00ae, RS485, Profibus, Profinet, module de\u00a0sortie analogique, 12 IN\/ 12 OUT.<\/li><\/ul><\/div><\/div>\t\t\t\t\t\t\t\t<\/div>\n\t\t\t\t<\/div>\n\t\t\t\t<\/div>\n\t\t<div class=\"elementor-element elementor-element-a597c15 e-con-full e-flex e-con e-child\" data-id=\"a597c15\" data-element_type=\"container\">\n\t\t\t\t<div class=\"elementor-element elementor-element-e9c6b1b elementor-widget elementor-widget-text-editor\" data-id=\"e9c6b1b\" data-element_type=\"widget\" data-widget_type=\"text-editor.default\">\n\t\t\t\t<div class=\"elementor-widget-container\">\n\t\t\t\t\t\t\t\t\t<h2 class=\"tytul_h2_100_NO\" data-style=\"font-size:28px;color: #333;width:100%;\">Le\u00a0pouvoir de\u00a0l\u2019acier<\/h2><div class=\"kontener_opisu_NO\" data-style=\"width:100%;display:flex;align-items:center;justify-content:center;\"><div>L\u2019utilisation d\u2019acier inoxydable pour la\u00a0construction du\u00a0plateau garantit une longue dur\u00e9e de\u00a0vie de\u00a0la balance. Elle ne\u00a0craint pas le\u00a0contact avec des objets mouill\u00e9s ni\u00a0les \u00e9claboussures accidentelles.\u00a0La solidit\u00e9 et\u00a0la durabilit\u00e9 de\u00a0la balances haute r\u00e9solutions HRP permettent de\u00a0peser des objets volumineux, tels que des palettes contenant des marchandises. La\u00a0plate-forme stable r\u00e9siste aux vibrations, ce\u00a0qui est important lors du\u00a0pesage de\u00a0gros objets.<\/div><\/div>\t\t\t\t\t\t\t\t<\/div>\n\t\t\t\t<\/div>\n\t\t\t\t<\/div>\n\t\t<div class=\"elementor-element elementor-element-168d618 e-con-full e-flex e-con e-child\" data-id=\"168d618\" data-element_type=\"container\">\n\t\t\t\t<div class=\"elementor-element elementor-element-1121b70 elementor-widget elementor-widget-image\" data-id=\"1121b70\" data-element_type=\"widget\" data-widget_type=\"image.default\">\n\t\t\t\t<div class=\"elementor-widget-container\">\n\t\t\t\t\t\t\t\t\t\t\t\t\t\t\t<img decoding=\"async\" src=\"https:\/\/lescreatifs.ma\/proxynsnew\/wp-content\/uploads\/elementor\/thumbs\/HRP_platformy-r972s3pel3ea33gfs5vvhossf1b8tj3w2wmulp2ug0.png\" title=\"HRP_platformy\" alt=\"HRP_platformy\" loading=\"lazy\" \/>\t\t\t\t\t\t\t\t\t\t\t\t\t\t\t<\/div>\n\t\t\t\t<\/div>\n\t\t\t\t<\/div>\n\t\t\t\t\t<\/div>\n\t\t\t\t<\/div>\n\t\t<div class=\"elementor-element elementor-element-47e6492 e-flex e-con-boxed e-con e-parent\" data-id=\"47e6492\" data-element_type=\"container\">\n\t\t\t\t\t<div class=\"e-con-inner\">\n\t\t<div class=\"elementor-element elementor-element-c786068 e-con-full e-flex e-con e-child\" data-id=\"c786068\" data-element_type=\"container\">\n\t\t\t\t<div class=\"elementor-element elementor-element-cb20fe9 elementor-widget elementor-widget-image\" data-id=\"cb20fe9\" data-element_type=\"widget\" data-widget_type=\"image.default\">\n\t\t\t\t<div class=\"elementor-widget-container\">\n\t\t\t\t\t\t\t\t\t\t\t\t\t\t\t<img decoding=\"async\" src=\"https:\/\/lescreatifs.ma\/proxynsnew\/wp-content\/uploads\/elementor\/thumbs\/HRP_wspolpraca-r972pncn6dlmj5zyluqtocy69ndsrltdkuzprj5bpk.png\" title=\"HRP_wspolpraca\" alt=\"HRP_wspolpraca\" loading=\"lazy\" \/>\t\t\t\t\t\t\t\t\t\t\t\t\t\t\t<\/div>\n\t\t\t\t<\/div>\n\t\t\t\t<\/div>\n\t\t<div class=\"elementor-element elementor-element-5d8bf6a e-con-full e-flex e-con e-child\" data-id=\"5d8bf6a\" data-element_type=\"container\">\n\t\t\t\t<div class=\"elementor-element elementor-element-745fd9c elementor-widget elementor-widget-text-editor\" data-id=\"745fd9c\" data-element_type=\"widget\" data-widget_type=\"text-editor.default\">\n\t\t\t\t<div class=\"elementor-widget-container\">\n\t\t\t\t\t\t\t\t\t<h2 class=\"tytul_h2_100_NO\" data-style=\"font-size:28px;color: #333;width:100%;\">Utiliser le\u00a0potentiel<\/h2><div class=\"kontener_opisu_NO\" data-style=\"width:100%;display:flex;align-items:center;justify-content:center;\"><div>Lecteurs de\u00a0codes-barres, imprimantes de\u00a0re\u00e7us, imprimantes d\u2019\u00e9tiquettes ou\u00a0\u00e9crans suppl\u00e9mentaires \u2013 gr\u00e2ce \u00e0 un\u00a0logiciel universel, la\u00a0balance HY10 peut fonctionner avec tous.\u00a0<strong>Vous trouverez tous les accessoires dans notre offre permanente<\/strong>. Et\u00a0si vous avez des questions sur la\u00a0compatibilit\u00e9, nos experts vous aideront.<br \/>\u00a0<\/div><\/div><h2 class=\"tytul_h2_100_NO\" data-style=\"font-size:28px;color: #333;width:100%;\">Pas seulement pes\u00e9e<\/h2><div class=\"kontener_opisu_NO\" data-style=\"width:100%;display:flex;align-items:center;justify-content:center;\"><div>Mais aussi comptage de\u00a0pi\u00e8ces, contr\u00f4le de\u00a0tol\u00e9rance, \u00e9carts, pes\u00e9e d\u2019animaux, recettes, pes\u00e9e diff\u00e9rentielle, \u00e9tiquetage, verrouillage Max et\u00a0statistiques. La\u00a0puissance des modes fonctionnels \u00e0 la\u00a0balance HY10.<\/div><\/div>\t\t\t\t\t\t\t\t<\/div>\n\t\t\t\t<\/div>\n\t\t\t\t<\/div>\n\t\t\t\t\t<\/div>\n\t\t\t\t<\/div>\n\t\t<div class=\"elementor-element elementor-element-968a7ff e-flex e-con-boxed e-con e-parent\" data-id=\"968a7ff\" data-element_type=\"container\">\n\t\t\t\t\t<div class=\"e-con-inner\">\n\t\t\t\t<div class=\"elementor-element elementor-element-c42c037 elementor-align-center elementor-widget elementor-widget-button\" data-id=\"c42c037\" data-element_type=\"widget\" data-widget_type=\"button.default\">\n\t\t\t\t<div class=\"elementor-widget-container\">\n\t\t\t\t\t\t\t\t\t<div class=\"elementor-button-wrapper\">\n\t\t\t\t\t<a class=\"elementor-button elementor-button-link elementor-size-sm\" href=\"https:\/\/lescreatifs.ma\/proxynsnew\/wp-content\/uploads\/2025\/07\/RADWAG_Data_Sheet_balance-a-haute-resolution-hy10-10-hrp.pdf\" target=\"_blank\">\n\t\t\t\t\t\t<span class=\"elementor-button-content-wrapper\">\n\t\t\t\t\t\t<span class=\"elementor-button-icon\">\n\t\t\t\t<svg aria-hidden=\"true\" class=\"e-font-icon-svg e-far-file-pdf\" viewBox=\"0 0 384 512\" xmlns=\"http:\/\/www.w3.org\/2000\/svg\"><path d=\"M369.9 97.9L286 14C277 5 264.8-.1 252.1-.1H48C21.5 0 0 21.5 0 48v416c0 26.5 21.5 48 48 48h288c26.5 0 48-21.5 48-48V131.9c0-12.7-5.1-25-14.1-34zM332.1 128H256V51.9l76.1 76.1zM48 464V48h160v104c0 13.3 10.7 24 24 24h104v288H48zm250.2-143.7c-12.2-12-47-8.7-64.4-6.5-17.2-10.5-28.7-25-36.8-46.3 3.9-16.1 10.1-40.6 5.4-56-4.2-26.2-37.8-23.6-42.6-5.9-4.4 16.1-.4 38.5 7 67.1-10 23.9-24.9 56-35.4 74.4-20 10.3-47 26.2-51 46.2-3.3 15.8 26 55.2 76.1-31.2 22.4-7.4 46.8-16.5 68.4-20.1 18.9 10.2 41 17 55.8 17 25.5 0 28-28.2 17.5-38.7zm-198.1 77.8c5.1-13.7 24.5-29.5 30.4-35-19 30.3-30.4 35.7-30.4 35zm81.6-190.6c7.4 0 6.7 32.1 1.8 40.8-4.4-13.9-4.3-40.8-1.8-40.8zm-24.4 136.6c9.7-16.9 18-37 24.7-54.7 8.3 15.1 18.9 27.2 30.1 35.5-20.8 4.3-38.9 13.1-54.8 19.2zm131.6-5s-5 6-37.3-7.8c35.1-2.6 40.9 5.4 37.3 7.8z\"><\/path><\/svg>\t\t\t<\/span>\n\t\t\t\t\t\t\t\t\t<span class=\"elementor-button-text\">Fiche technique <\/span>\n\t\t\t\t\t<\/span>\n\t\t\t\t\t<\/a>\n\t\t\t\t<\/div>\n\t\t\t\t\t\t\t\t<\/div>\n\t\t\t\t<\/div>\n\t\t\t\t\t<\/div>\n\t\t\t\t<\/div>\n\t\t\t\t<\/div>\n\t\t","protected":false},"excerpt":{"rendered":"<p>Les balances haute r\u00e9solution HRP sont tr\u00e8s solides. Leurs plates-formes se\u00a0distinguent par un\u00a0degr\u00e9 de\u00a0protection \u00e9lev\u00e9 \u2013\u00a0<strong>IP 67<\/strong>. Elles disposent d\u2019\u00e9l\u00e9ments d\u2019\u00e9tanch\u00e9it\u00e9 suppl\u00e9mentaires qui les prot\u00e8gent de\u00a0la poussi\u00e8re, de\u00a0la salet\u00e9 et\u00a0de l\u2019humidit\u00e9. Gr\u00e2ce \u00e0 cela, les balances HRP peuvent \u00eatre nettoy\u00e9es avec un\u00a0nettoyeur haute pression.<\/p>\n","protected":false},"featured_media":11770,"template":"","meta":[],"product_brand":[],"product_cat":[277,279],"product_tag":[],"class_list":{"0":"post-11769","1":"product","2":"type-product","3":"status-publish","4":"has-post-thumbnail","6":"product_cat-industrie-agroalimentaire","7":"product_cat-pesage-materiel-de-laboratoires","9":"first","10":"instock","11":"shipping-taxable","12":"purchasable","13":"product-type-simple","14":"add-to-wishlist-after_add_to_cart"},"_links":{"self":[{"href":"https:\/\/lescreatifs.ma\/proxynsnew\/wp-json\/wp\/v2\/product\/11769","targetHints":{"allow":["GET"]}}],"collection":[{"href":"https:\/\/lescreatifs.ma\/proxynsnew\/wp-json\/wp\/v2\/product"}],"about":[{"href":"https:\/\/lescreatifs.ma\/proxynsnew\/wp-json\/wp\/v2\/types\/product"}],"version-history":[{"count":4,"href":"https:\/\/lescreatifs.ma\/proxynsnew\/wp-json\/wp\/v2\/product\/11769\/revisions"}],"predecessor-version":[{"id":11781,"href":"https:\/\/lescreatifs.ma\/proxynsnew\/wp-json\/wp\/v2\/product\/11769\/revisions\/11781"}],"wp:featuredmedia":[{"embeddable":true,"href":"https:\/\/lescreatifs.ma\/proxynsnew\/wp-json\/wp\/v2\/media\/11770"}],"wp:attachment":[{"href":"https:\/\/lescreatifs.ma\/proxynsnew\/wp-json\/wp\/v2\/media?parent=11769"}],"wp:term":[{"taxonomy":"product_brand","embeddable":true,"href":"https:\/\/lescreatifs.ma\/proxynsnew\/wp-json\/wp\/v2\/product_brand?post=11769"},{"taxonomy":"product_cat","embeddable":true,"href":"https:\/\/lescreatifs.ma\/proxynsnew\/wp-json\/wp\/v2\/product_cat?post=11769"},{"taxonomy":"product_tag","embeddable":true,"href":"https:\/\/lescreatifs.ma\/proxynsnew\/wp-json\/wp\/v2\/product_tag?post=11769"}],"curies":[{"name":"wp","href":"https:\/\/api.w.org\/{rel}","templated":true}]}}