{"id":11716,"date":"2025-07-22T19:34:28","date_gmt":"2025-07-22T17:34:28","guid":{"rendered":"https:\/\/lescreatifs.ma\/proxynsnew\/?post_type=product&#038;p=11716"},"modified":"2025-07-22T20:08:19","modified_gmt":"2025-07-22T18:08:19","slug":"balance-de-precision-ps-750-x7-cpp","status":"publish","type":"product","link":"https:\/\/lescreatifs.ma\/proxynsnew\/product\/balance-de-precision-ps-750-x7-cpp\/","title":{"rendered":"Balance de pr\u00e9cision PS 750.X7.CPP"},"content":{"rendered":"\t\t<div data-elementor-type=\"wp-post\" data-elementor-id=\"11716\" class=\"elementor elementor-11716\">\n\t\t\t\t<div class=\"elementor-element elementor-element-587fde8 e-flex e-con-boxed e-con e-parent\" data-id=\"587fde8\" data-element_type=\"container\">\n\t\t\t\t\t<div class=\"e-con-inner\">\n\t\t<div class=\"elementor-element elementor-element-72e4682 e-con-full e-flex e-con e-child\" data-id=\"72e4682\" data-element_type=\"container\">\n\t\t<div class=\"elementor-element elementor-element-9f9f169 e-con-full e-flex e-con e-child\" data-id=\"9f9f169\" data-element_type=\"container\">\n\t\t<div class=\"elementor-element elementor-element-a52a4d3 e-con-full e-flex e-con e-child\" data-id=\"a52a4d3\" data-element_type=\"container\">\n\t\t\t\t<div class=\"elementor-element elementor-element-f935d3b elementor-widget elementor-widget-image\" data-id=\"f935d3b\" data-element_type=\"widget\" data-widget_type=\"image.default\">\n\t\t\t\t<div class=\"elementor-widget-container\">\n\t\t\t\t\t\t\t\t\t\t\t\t\t\t\t<img fetchpriority=\"high\" decoding=\"async\" width=\"1024\" height=\"592\" src=\"https:\/\/lescreatifs.ma\/proxynsnew\/wp-content\/uploads\/2025\/07\/PS_X7_1-1024x592.png\" class=\"attachment-large size-large wp-image-11724\" alt=\"\" srcset=\"https:\/\/lescreatifs.ma\/proxynsnew\/wp-content\/uploads\/2025\/07\/PS_X7_1-1024x592.png 1024w, https:\/\/lescreatifs.ma\/proxynsnew\/wp-content\/uploads\/2025\/07\/PS_X7_1-300x174.png 300w, https:\/\/lescreatifs.ma\/proxynsnew\/wp-content\/uploads\/2025\/07\/PS_X7_1-768x444.png 768w, https:\/\/lescreatifs.ma\/proxynsnew\/wp-content\/uploads\/2025\/07\/PS_X7_1-800x463.png 800w, https:\/\/lescreatifs.ma\/proxynsnew\/wp-content\/uploads\/2025\/07\/PS_X7_1.png 1037w\" sizes=\"(max-width: 1024px) 100vw, 1024px\" \/>\t\t\t\t\t\t\t\t\t\t\t\t\t\t\t<\/div>\n\t\t\t\t<\/div>\n\t\t\t\t<\/div>\n\t\t\t\t<\/div>\n\t\t\t\t<\/div>\n\t\t\t\t\t<\/div>\n\t\t\t\t<\/div>\n\t\t<div class=\"elementor-element elementor-element-3ca5a3a e-flex e-con-boxed e-con e-parent\" data-id=\"3ca5a3a\" data-element_type=\"container\">\n\t\t\t\t\t<div class=\"e-con-inner\">\n\t\t<div class=\"elementor-element elementor-element-39a8fe6 e-con-full e-flex e-con e-child\" data-id=\"39a8fe6\" data-element_type=\"container\">\n\t\t\t\t<div class=\"elementor-element elementor-element-cda9359 elementor-widget elementor-widget-image\" data-id=\"cda9359\" data-element_type=\"widget\" data-widget_type=\"image.default\">\n\t\t\t\t<div class=\"elementor-widget-container\">\n\t\t\t\t\t\t\t\t\t\t\t\t\t\t\t<img decoding=\"async\" src=\"https:\/\/lescreatifs.ma\/proxynsnew\/wp-content\/uploads\/elementor\/thumbs\/PS-X7-r958794zfmb1jmcs16pyymqxftiychrdt39vzxfrt4.png\" title=\"PS-X7\" alt=\"PS-X7\" loading=\"lazy\" \/>\t\t\t\t\t\t\t\t\t\t\t\t\t\t\t<\/div>\n\t\t\t\t<\/div>\n\t\t\t\t<\/div>\n\t\t<div class=\"elementor-element elementor-element-bf16c49 e-con-full e-flex e-con e-child\" data-id=\"bf16c49\" data-element_type=\"container\">\n\t\t\t\t<div class=\"elementor-element elementor-element-29fdd2b elementor-widget elementor-widget-text-editor\" data-id=\"29fdd2b\" data-element_type=\"widget\" data-widget_type=\"text-editor.default\">\n\t\t\t\t<div class=\"elementor-widget-container\">\n\t\t\t\t\t\t\t\t\t<h2 class=\"tytul_h2_100_NO\" data-style=\"font-size:28px;color: #333;width:100%;\">Les balances de\u00a0pr\u00e9cision PS\u00a0X7<\/h2><div class=\"kontener_opisu_NO\" data-style=\"width:100%;display:flex;align-items:center;justify-content:center;\"><div>ont une pr\u00e9cision de\u00a0lecture\u00a0<strong>[d] de\u00a01 \u00e0 10 mg<\/strong>\u00a0et\u00a0une charge\u00a0<strong>maximale [Max] de\u00a0200 \u00e0 10 100 g<\/strong>. Ces deux param\u00e8tres varient en\u00a0fonction du\u00a0mod\u00e8le. L\u2019atout de\u00a0cette s\u00e9rie de\u00a0balances est l\u2019ajustage interne (automatique) qui vous dispense de\u00a0l\u2019obligation d\u2019effectuer vous-m\u00eame cette proc\u00e9dure compliqu\u00e9e et\u00a0exigeante en\u00a0termes de\u00a0pr\u00e9cision.<br \/><br \/><strong>Les balances PS\u00a0X7<\/strong>\u00a0sont \u00e9quip\u00e9es en\u00a0plus de\u00a0deux capteurs infrarouges qui permettent un\u00a0<strong>fonctionnement sans contact<\/strong>.<\/div><\/div>\t\t\t\t\t\t\t\t<\/div>\n\t\t\t\t<\/div>\n\t\t\t\t<\/div>\n\t\t<div class=\"elementor-element elementor-element-34df5f4 e-con-full e-flex e-con e-child\" data-id=\"34df5f4\" data-element_type=\"container\">\n\t\t\t\t<div class=\"elementor-element elementor-element-e00b6bf elementor-widget elementor-widget-text-editor\" data-id=\"e00b6bf\" data-element_type=\"widget\" data-widget_type=\"text-editor.default\">\n\t\t\t\t<div class=\"elementor-widget-container\">\n\t\t\t\t\t\t\t\t\t<h2 class=\"tytul_h2_100_NO\" data-style=\"font-size:28px;color: #333;width:100%;\">Nouvelles possibilit\u00e9s<\/h2><div class=\"kontener_opisu_NO\" data-style=\"width:100%;display:flex;align-items:center;justify-content:center;\"><div><div><strong>Les balances de\u00a0pr\u00e9cision PS\u00a0X7<\/strong>, gr\u00e2ce \u00e0 un\u00a0large choix de\u00a0widgets vous permettent d\u2019arranger tous les informations \u00e0 l\u2019\u00e9cran \u00e0 votre gr\u00e9. L\u2019affichage personnalis\u00e9 vous donne acc\u00e8s aux informations et\u00a0aux r\u00e9sultats de\u00a0travail directement depuis l\u2019\u00e9cran principal.<\/div><div><br \/>En\u00a0outre,\u00a0<strong>les balances de\u00a0pr\u00e9cision PS\u00a0X7<\/strong>\u00a0sont \u00e9quip\u00e9es de\u00a0plusieurs interfaces de\u00a0communication :\u00a0<strong>2 x\u00a0RS232, USB-A, USB-B, Ethernet et\u00a0Wi-Fi<sup>\u00ae<\/sup><\/strong>. Le\u00a0bo\u00eetier de\u00a0la balance a\u00a0\u00e9t\u00e9 fait en\u00a0plastique et\u00a0le plateau de\u00a0pes\u00e9e est en\u00a0acier inoxydable.<\/div><\/div><\/div>\t\t\t\t\t\t\t\t<\/div>\n\t\t\t\t<\/div>\n\t\t\t\t<\/div>\n\t\t<div class=\"elementor-element elementor-element-d858221 e-con-full e-flex e-con e-child\" data-id=\"d858221\" data-element_type=\"container\">\n\t\t\t\t<div class=\"elementor-element elementor-element-49a17ae elementor-widget elementor-widget-image\" data-id=\"49a17ae\" data-element_type=\"widget\" data-widget_type=\"image.default\">\n\t\t\t\t<div class=\"elementor-widget-container\">\n\t\t\t\t\t\t\t\t\t\t\t\t\t\t\t<img decoding=\"async\" width=\"700\" height=\"595\" src=\"https:\/\/lescreatifs.ma\/proxynsnew\/wp-content\/uploads\/2025\/07\/PS-X7-interface.png\" class=\"attachment-large size-large wp-image-11727\" alt=\"\" srcset=\"https:\/\/lescreatifs.ma\/proxynsnew\/wp-content\/uploads\/2025\/07\/PS-X7-interface.png 700w, https:\/\/lescreatifs.ma\/proxynsnew\/wp-content\/uploads\/2025\/07\/PS-X7-interface-300x255.png 300w\" sizes=\"(max-width: 700px) 100vw, 700px\" \/>\t\t\t\t\t\t\t\t\t\t\t\t\t\t\t<\/div>\n\t\t\t\t<\/div>\n\t\t\t\t<\/div>\n\t\t\t\t\t<\/div>\n\t\t\t\t<\/div>\n\t\t<div class=\"elementor-element elementor-element-958ff73 e-flex e-con-boxed e-con e-parent\" data-id=\"958ff73\" data-element_type=\"container\">\n\t\t\t\t\t<div class=\"e-con-inner\">\n\t\t<div class=\"elementor-element elementor-element-a3c2e6e e-con-full e-flex e-con e-child\" data-id=\"a3c2e6e\" data-element_type=\"container\">\n\t\t\t\t<div class=\"elementor-element elementor-element-7674128 elementor-widget elementor-widget-image\" data-id=\"7674128\" data-element_type=\"widget\" data-widget_type=\"image.default\">\n\t\t\t\t<div class=\"elementor-widget-container\">\n\t\t\t\t\t\t\t\t\t\t\t\t\t\t\t<img decoding=\"async\" width=\"484\" height=\"445\" src=\"https:\/\/lescreatifs.ma\/proxynsnew\/wp-content\/uploads\/2025\/07\/7_baz_danych1.png\" class=\"attachment-large size-large wp-image-11728\" alt=\"\" srcset=\"https:\/\/lescreatifs.ma\/proxynsnew\/wp-content\/uploads\/2025\/07\/7_baz_danych1.png 484w, https:\/\/lescreatifs.ma\/proxynsnew\/wp-content\/uploads\/2025\/07\/7_baz_danych1-300x276.png 300w\" sizes=\"(max-width: 484px) 100vw, 484px\" \/>\t\t\t\t\t\t\t\t\t\t\t\t\t\t\t<\/div>\n\t\t\t\t<\/div>\n\t\t\t\t<\/div>\n\t\t<div class=\"elementor-element elementor-element-88523cb e-con-full e-flex e-con e-child\" data-id=\"88523cb\" data-element_type=\"container\">\n\t\t\t\t<div class=\"elementor-element elementor-element-c6f6ae7 elementor-widget elementor-widget-text-editor\" data-id=\"c6f6ae7\" data-element_type=\"widget\" data-widget_type=\"text-editor.default\">\n\t\t\t\t<div class=\"elementor-widget-container\">\n\t\t\t\t\t\t\t\t\t<h2 class=\"tytul_h2_100_NO\" data-style=\"font-size:28px;color: #333;width:100%;\"><strong>Base de\u00a0donnees<\/strong><\/h2><div class=\"kontener_opisu_NO\" data-style=\"width:100%;display:flex;align-items:center;justify-content:center;\"><div><div>Dans les PS\u00a0X7, le\u00a0syst\u00e8me d\u2019information est con\u00e7u sur 11 bases de\u00a0donn\u00e9es qui permettent \u00e0 plusieurs utilisateurs de\u00a0travailler avec une base \u00e0 plusieurs produits. Cela permet d\u2019analyser en\u00a0d\u00e9tails toutes les pes\u00e9es collect\u00e9es.<\/div><div>Les donn\u00e9es sont collect\u00e9es dans 11 bases de\u00a0donn\u00e9es que voici:<\/div><ul><li><strong>Produits<\/strong>\u00a0(5 000 marchandises)<\/li><li><strong>Utilisateurs<\/strong>\u00a0(100 utilisateurs)<\/li><li><strong>Emballage<\/strong>\u00a0(100 colis)<\/li><li><strong>Clients<\/strong>\u00a0(1 000 clients)<\/li><li><strong>Recettes<\/strong>\u00a0(100 recettes)<\/li><li><strong>Rapports de\u00a0recettes<\/strong>\u00a0(500 rapports)<\/li><li><strong>Conditions environnementales<\/strong>\u00a0(10 000 enregistrements)<\/li><li><strong>Pes\u00e9e<\/strong>\u00a0(50 000 enregistrements)<\/li><li><strong>M\u00e9moire Alibi\u00a0<\/strong>(512 000 pes\u00e9es)<\/li><li><strong>Rapports de\u00a0contr\u00f4le<\/strong>\u00a0(1 000 rapports)<\/li><li><strong>Moyenne de\u00a0tares<\/strong>\u00a0(1 000 rapports).<\/li><\/ul><\/div><\/div>\t\t\t\t\t\t\t\t<\/div>\n\t\t\t\t<\/div>\n\t\t\t\t<\/div>\n\t\t<div class=\"elementor-element elementor-element-fab2976 e-con-full e-flex e-con e-child\" data-id=\"fab2976\" data-element_type=\"container\">\n\t\t\t\t<div class=\"elementor-element elementor-element-b34ea91 elementor-widget elementor-widget-text-editor\" data-id=\"b34ea91\" data-element_type=\"widget\" data-widget_type=\"text-editor.default\">\n\t\t\t\t<div class=\"elementor-widget-container\">\n\t\t\t\t\t\t\t\t\t<h2 class=\"tytul_h2_100_NO\" data-style=\"font-size:28px;color: #333;width:100%;\"><strong>M\u00e9moire\u00a0Alibi<\/strong><\/h2><div class=\"kontener_opisu_NO\" data-style=\"width:100%;display:flex;align-items:center;justify-content:center;\"><div><strong>Les balances de\u00a0pr\u00e9cision PS\u00a0X7<\/strong>\u00a0disposent d\u2019une\u00a0<strong>m\u00e9moire ALIBI<\/strong>. Par enregistrement automatiquement des mesures, elle garantit non seulement la\u00a0s\u00e9curit\u00e9 mais aussi permet la\u00a0visualisation, la\u00a0copie et\u00a0l\u2019archivage des donn\u00e9es.<br \/><strong>La m\u00e9moire ALIBI vous permet de\u00a0sauvegarder jusqu\u2019\u00e0 512 000 enregistrements de\u00a0pes\u00e9e.<\/strong><\/div><\/div>\t\t\t\t\t\t\t\t<\/div>\n\t\t\t\t<\/div>\n\t\t\t\t<\/div>\n\t\t<div class=\"elementor-element elementor-element-7bd88a6 e-con-full e-flex e-con e-child\" data-id=\"7bd88a6\" data-element_type=\"container\">\n\t\t\t\t<div class=\"elementor-element elementor-element-d5ab641 elementor-widget elementor-widget-image\" data-id=\"d5ab641\" data-element_type=\"widget\" data-widget_type=\"image.default\">\n\t\t\t\t<div class=\"elementor-widget-container\">\n\t\t\t\t\t\t\t\t\t\t\t\t\t\t\t<img decoding=\"async\" src=\"https:\/\/lescreatifs.ma\/proxynsnew\/wp-content\/uploads\/elementor\/thumbs\/alibi_X7-r958avsm9atmo8pvzxkj95spbd5tu5n57o51y9yjrc.png\" title=\"alibi_X7\" alt=\"alibi_X7\" loading=\"lazy\" \/>\t\t\t\t\t\t\t\t\t\t\t\t\t\t\t<\/div>\n\t\t\t\t<\/div>\n\t\t\t\t<\/div>\n\t\t\t\t\t<\/div>\n\t\t\t\t<\/div>\n\t\t<div class=\"elementor-element elementor-element-a845738 e-flex e-con-boxed e-con e-parent\" data-id=\"a845738\" data-element_type=\"container\">\n\t\t\t\t\t<div class=\"e-con-inner\">\n\t\t\t\t<div class=\"elementor-element elementor-element-2880987 elementor-align-center elementor-widget elementor-widget-button\" data-id=\"2880987\" data-element_type=\"widget\" data-widget_type=\"button.default\">\n\t\t\t\t<div class=\"elementor-widget-container\">\n\t\t\t\t\t\t\t\t\t<div class=\"elementor-button-wrapper\">\n\t\t\t\t\t<a class=\"elementor-button elementor-button-link elementor-size-sm\" href=\"https:\/\/lescreatifs.ma\/proxynsnew\/wp-content\/uploads\/2025\/07\/RADWAG_Data_Sheet_balance-de-precision-ps-750-x7-cpp-1.pdf\" target=\"_blank\">\n\t\t\t\t\t\t<span class=\"elementor-button-content-wrapper\">\n\t\t\t\t\t\t<span class=\"elementor-button-icon\">\n\t\t\t\t<svg aria-hidden=\"true\" class=\"e-font-icon-svg e-far-file-pdf\" viewBox=\"0 0 384 512\" xmlns=\"http:\/\/www.w3.org\/2000\/svg\"><path d=\"M369.9 97.9L286 14C277 5 264.8-.1 252.1-.1H48C21.5 0 0 21.5 0 48v416c0 26.5 21.5 48 48 48h288c26.5 0 48-21.5 48-48V131.9c0-12.7-5.1-25-14.1-34zM332.1 128H256V51.9l76.1 76.1zM48 464V48h160v104c0 13.3 10.7 24 24 24h104v288H48zm250.2-143.7c-12.2-12-47-8.7-64.4-6.5-17.2-10.5-28.7-25-36.8-46.3 3.9-16.1 10.1-40.6 5.4-56-4.2-26.2-37.8-23.6-42.6-5.9-4.4 16.1-.4 38.5 7 67.1-10 23.9-24.9 56-35.4 74.4-20 10.3-47 26.2-51 46.2-3.3 15.8 26 55.2 76.1-31.2 22.4-7.4 46.8-16.5 68.4-20.1 18.9 10.2 41 17 55.8 17 25.5 0 28-28.2 17.5-38.7zm-198.1 77.8c5.1-13.7 24.5-29.5 30.4-35-19 30.3-30.4 35.7-30.4 35zm81.6-190.6c7.4 0 6.7 32.1 1.8 40.8-4.4-13.9-4.3-40.8-1.8-40.8zm-24.4 136.6c9.7-16.9 18-37 24.7-54.7 8.3 15.1 18.9 27.2 30.1 35.5-20.8 4.3-38.9 13.1-54.8 19.2zm131.6-5s-5 6-37.3-7.8c35.1-2.6 40.9 5.4 37.3 7.8z\"><\/path><\/svg>\t\t\t<\/span>\n\t\t\t\t\t\t\t\t\t<span class=\"elementor-button-text\">Fiche technique <\/span>\n\t\t\t\t\t<\/span>\n\t\t\t\t\t<\/a>\n\t\t\t\t<\/div>\n\t\t\t\t\t\t\t\t<\/div>\n\t\t\t\t<\/div>\n\t\t\t\t\t<\/div>\n\t\t\t\t<\/div>\n\t\t\t\t<\/div>\n\t\t","protected":false},"excerpt":{"rendered":"<div class=\"kontener_opisu_NO\" data-style=\"width:100%;display:flex;align-items:center;justify-content:center;\">\n<div class=\"opis_NO\" data-style=\"width:80%;text-align:center\"><strong>Cette balance est destin\u00e9e au contr\u00f4le m\u00e9trologique des pr\u00e9emball\u00e9s donc elle doit \u00eatre homologu\u00e9e en M\u00e9trologie L\u00e9gale.<br \/>\nPar cons\u00e9quent, nous vous recommandons de\u00a0choisir les balances avec une homologation respective.<\/strong><\/div>\n<\/div>\n<div><\/div>\n<div class=\"nowe_opisy_srodek_html_NO\" data-style=\"\ndisplay:flex;\nwidth:100%;\nalign-items:center;\njustify-content:center;\npadding-top:10px;\nflex-direction:column;\n\"><\/p>\n<div class=\"kontener_opisu_NO\" data-style=\"width:100%;display:flex;align-items:center;justify-content:center;\">\n<div class=\"opis_NO\" data-style=\"width:80%;text-align:center\"><strong>Les balances de\u00a0pr\u00e9cision PS\u00a0X7<\/strong>\u00a0se distinguent par leur facilit\u00e9 d\u2019utilisation, la\u00a0clart\u00e9 des menus et\u00a0la disposition intuitive des informations sur l\u2019\u00e9cran. Cela est d\u00fb en\u00a0grande partie \u00e0 l\u2019\u00e9cran\u00a0<strong>tactile de\u00a07 pouces<\/strong>. Pourtant l\u2019\u00e9cran de\u00a0derni\u00e8re g\u00e9n\u00e9ration, qui garantit un\u00a0confort de\u00a0travail maximal, n\u2019est pas le\u00a0seul avantage de\u00a0ces balances.<\/div>\n<\/div>\n<\/div>\n","protected":false},"featured_media":11717,"template":"","meta":[],"product_brand":[],"product_cat":[282,285],"product_tag":[],"class_list":{"0":"post-11716","1":"product","2":"type-product","3":"status-publish","4":"has-post-thumbnail","6":"product_cat-industrie-minerale-chimique","7":"product_cat-pesage-materiel-de-laboratoires-materiel","9":"first","10":"instock","11":"shipping-taxable","12":"purchasable","13":"product-type-simple","14":"add-to-wishlist-after_add_to_cart"},"_links":{"self":[{"href":"https:\/\/lescreatifs.ma\/proxynsnew\/wp-json\/wp\/v2\/product\/11716","targetHints":{"allow":["GET"]}}],"collection":[{"href":"https:\/\/lescreatifs.ma\/proxynsnew\/wp-json\/wp\/v2\/product"}],"about":[{"href":"https:\/\/lescreatifs.ma\/proxynsnew\/wp-json\/wp\/v2\/types\/product"}],"version-history":[{"count":4,"href":"https:\/\/lescreatifs.ma\/proxynsnew\/wp-json\/wp\/v2\/product\/11716\/revisions"}],"predecessor-version":[{"id":11732,"href":"https:\/\/lescreatifs.ma\/proxynsnew\/wp-json\/wp\/v2\/product\/11716\/revisions\/11732"}],"wp:featuredmedia":[{"embeddable":true,"href":"https:\/\/lescreatifs.ma\/proxynsnew\/wp-json\/wp\/v2\/media\/11717"}],"wp:attachment":[{"href":"https:\/\/lescreatifs.ma\/proxynsnew\/wp-json\/wp\/v2\/media?parent=11716"}],"wp:term":[{"taxonomy":"product_brand","embeddable":true,"href":"https:\/\/lescreatifs.ma\/proxynsnew\/wp-json\/wp\/v2\/product_brand?post=11716"},{"taxonomy":"product_cat","embeddable":true,"href":"https:\/\/lescreatifs.ma\/proxynsnew\/wp-json\/wp\/v2\/product_cat?post=11716"},{"taxonomy":"product_tag","embeddable":true,"href":"https:\/\/lescreatifs.ma\/proxynsnew\/wp-json\/wp\/v2\/product_tag?post=11716"}],"curies":[{"name":"wp","href":"https:\/\/api.w.org\/{rel}","templated":true}]}}