{"id":11611,"date":"2025-06-26T23:59:53","date_gmt":"2025-06-26T21:59:53","guid":{"rendered":"https:\/\/lescreatifs.ma\/proxynsnew\/?post_type=product&#038;p=11611"},"modified":"2025-06-27T00:01:34","modified_gmt":"2025-06-26T22:01:34","slug":"separateur-rotatif-trommel","status":"publish","type":"product","link":"https:\/\/lescreatifs.ma\/proxynsnew\/product\/separateur-rotatif-trommel\/","title":{"rendered":"S\u00e9parateur rotatif Trommel"},"content":{"rendered":"\t\t<div data-elementor-type=\"wp-post\" data-elementor-id=\"11611\" class=\"elementor elementor-11611\">\n\t\t\t\t<div class=\"elementor-element elementor-element-fb1dcea e-flex e-con-boxed e-con e-parent\" data-id=\"fb1dcea\" data-element_type=\"container\">\n\t\t\t\t\t<div class=\"e-con-inner\">\n\t\t\t\t<div class=\"elementor-element elementor-element-ce188f8 elementor-widget elementor-widget-text-editor\" data-id=\"ce188f8\" data-element_type=\"widget\" data-widget_type=\"text-editor.default\">\n\t\t\t\t<div class=\"elementor-widget-container\">\n\t\t\t\t\t\t\t\t\t<p class=\"corposcheda\">Le mat\u00e9riel est charg\u00e9 dans un tambour \u00e9quip\u00e9 d&#8217;une grille, l\u00e9g\u00e8rement en pente, et tamis\u00e9 par effet de rotation du cylindre.<\/p><p class=\"corposcheda\">On recueille la poudre de dimensions \u00e0 l&#8217;autre extr\u00e9mit\u00e9 du cylindre (de sortie de mati\u00e8re rejet\u00e9e); le mat\u00e9riel projet\u00e9 est recueilli sous le cylindre (sortie de poudre).<\/p><p class=\"corposcheda\">Le principe de fonctionnement de l&#8217;\u00e9cran rotatif est extr\u00eamement simple. Le produit est introduit dans l&#8217;appareil par la bouche de chargement et, \u00e0 travers une vis sans fin, est envoy\u00e9 au cylindre de tamisage, en partie constitu\u00e9 par une feuille de fermeture et d&#8217;autre part d&#8217;un treillis ou une feuille de s\u00e9paration permettant de forage.<\/p><p class=\"corposcheda\">Pouss\u00e9 par la vis sans fin, le produit entre en contact avec la maille, qui laisse passer la fraction solide (par exemple des copeaux pulv\u00e9ris\u00e9), qui doit \u00eatre \u00e9vacu\u00e9 de la tr\u00e9mie. Impuret\u00e9s (copeaux), \u00e0 la place, sont retenus et, en proc\u00e9dant \u00e0 l&#8217;int\u00e9rieur du maillage sont alors transmis \u00e0 la bouche d&#8217;\u00e9vacuation secondaire.<\/p><p class=\"corposcheda\">La machine peut \u00eatre \u00e9quip\u00e9e d&#8217;un syst\u00e8me d&#8217;auto-brosse de nettoyage afin de s&#8217; assurer que la surface de criblage soit toujours en bon \u00e9tat de fonctionnement et propre.<\/p><p class=\"corposcheda\">ERIMAKI fabrique et vend le s\u00e9parateur rotatif en deux mod\u00e8les diff\u00e9rents, avec diff\u00e9rentes dimensions et les taux horaires ainsi, pour r\u00e9pondre aux diff\u00e9rents besoins des clients.<\/p><p class=\"corposcheda\">La machine peut \u00eatre en acier au carbone peint ou en acier inox AISI 304\/316.<\/p><p class=\"corposcheda\">Ce dernier, sur demande, peut \u00eatre fourni avec un satin ou la finition de surface sabl\u00e9.<\/p><p class=\"corposcheda\">Retrait des composants internes de l&#8217;\u00e9cran rotatif est extr\u00eamement simple, pour faciliter le nettoyage et l&#8217;entretien p\u00e9riodique.<\/p>\t\t\t\t\t\t\t\t<\/div>\n\t\t\t\t<\/div>\n\t\t\t\t\t<\/div>\n\t\t\t\t<\/div>\n\t\t<div class=\"elementor-element elementor-element-379d271 e-flex e-con-boxed e-con e-parent\" data-id=\"379d271\" data-element_type=\"container\">\n\t\t\t\t\t<div class=\"e-con-inner\">\n\t\t\t\t<div class=\"elementor-element elementor-element-54d6e02 elementor-align-center elementor-widget elementor-widget-button\" data-id=\"54d6e02\" data-element_type=\"widget\" data-widget_type=\"button.default\">\n\t\t\t\t<div class=\"elementor-widget-container\">\n\t\t\t\t\t\t\t\t\t<div class=\"elementor-button-wrapper\">\n\t\t\t\t\t<a class=\"elementor-button elementor-button-link elementor-size-sm\" href=\"https:\/\/lescreatifs.ma\/proxynsnew\/wp-content\/uploads\/2025\/06\/10-trommel_FRA.pdf\" target=\"_blank\">\n\t\t\t\t\t\t<span class=\"elementor-button-content-wrapper\">\n\t\t\t\t\t\t<span class=\"elementor-button-icon\">\n\t\t\t\t<svg aria-hidden=\"true\" class=\"e-font-icon-svg e-far-file-pdf\" viewBox=\"0 0 384 512\" xmlns=\"http:\/\/www.w3.org\/2000\/svg\"><path d=\"M369.9 97.9L286 14C277 5 264.8-.1 252.1-.1H48C21.5 0 0 21.5 0 48v416c0 26.5 21.5 48 48 48h288c26.5 0 48-21.5 48-48V131.9c0-12.7-5.1-25-14.1-34zM332.1 128H256V51.9l76.1 76.1zM48 464V48h160v104c0 13.3 10.7 24 24 24h104v288H48zm250.2-143.7c-12.2-12-47-8.7-64.4-6.5-17.2-10.5-28.7-25-36.8-46.3 3.9-16.1 10.1-40.6 5.4-56-4.2-26.2-37.8-23.6-42.6-5.9-4.4 16.1-.4 38.5 7 67.1-10 23.9-24.9 56-35.4 74.4-20 10.3-47 26.2-51 46.2-3.3 15.8 26 55.2 76.1-31.2 22.4-7.4 46.8-16.5 68.4-20.1 18.9 10.2 41 17 55.8 17 25.5 0 28-28.2 17.5-38.7zm-198.1 77.8c5.1-13.7 24.5-29.5 30.4-35-19 30.3-30.4 35.7-30.4 35zm81.6-190.6c7.4 0 6.7 32.1 1.8 40.8-4.4-13.9-4.3-40.8-1.8-40.8zm-24.4 136.6c9.7-16.9 18-37 24.7-54.7 8.3 15.1 18.9 27.2 30.1 35.5-20.8 4.3-38.9 13.1-54.8 19.2zm131.6-5s-5 6-37.3-7.8c35.1-2.6 40.9 5.4 37.3 7.8z\"><\/path><\/svg>\t\t\t<\/span>\n\t\t\t\t\t\t\t\t\t<span class=\"elementor-button-text\">Fiche technique <\/span>\n\t\t\t\t\t<\/span>\n\t\t\t\t\t<\/a>\n\t\t\t\t<\/div>\n\t\t\t\t\t\t\t\t<\/div>\n\t\t\t\t<\/div>\n\t\t\t\t\t<\/div>\n\t\t\t\t<\/div>\n\t\t\t\t<\/div>\n\t\t","protected":false},"excerpt":{"rendered":"<p class=\"corposcheda\">Le mat\u00e9riel est charg\u00e9 dans un tambour \u00e9quip\u00e9 d&#8217;une grille, l\u00e9g\u00e8rement en pente, et tamis\u00e9 par effet de rotation du cylindre.<\/p>\n<p class=\"corposcheda\">On recueille la poudre de dimensions \u00e0 l&#8217;autre extr\u00e9mit\u00e9 du cylindre (de sortie de mati\u00e8re rejet\u00e9e); le mat\u00e9riel projet\u00e9 est recueilli sous le cylindre (sortie de poudre).<\/p>\n","protected":false},"featured_media":11612,"template":"","meta":[],"product_brand":[],"product_cat":[277,278],"product_tag":[],"class_list":{"0":"post-11611","1":"product","2":"type-product","3":"status-publish","4":"has-post-thumbnail","6":"product_cat-industrie-agroalimentaire","7":"product_cat-separations","9":"first","10":"instock","11":"shipping-taxable","12":"purchasable","13":"product-type-simple","14":"add-to-wishlist-after_add_to_cart"},"_links":{"self":[{"href":"https:\/\/lescreatifs.ma\/proxynsnew\/wp-json\/wp\/v2\/product\/11611","targetHints":{"allow":["GET"]}}],"collection":[{"href":"https:\/\/lescreatifs.ma\/proxynsnew\/wp-json\/wp\/v2\/product"}],"about":[{"href":"https:\/\/lescreatifs.ma\/proxynsnew\/wp-json\/wp\/v2\/types\/product"}],"version-history":[{"count":4,"href":"https:\/\/lescreatifs.ma\/proxynsnew\/wp-json\/wp\/v2\/product\/11611\/revisions"}],"predecessor-version":[{"id":11619,"href":"https:\/\/lescreatifs.ma\/proxynsnew\/wp-json\/wp\/v2\/product\/11611\/revisions\/11619"}],"wp:featuredmedia":[{"embeddable":true,"href":"https:\/\/lescreatifs.ma\/proxynsnew\/wp-json\/wp\/v2\/media\/11612"}],"wp:attachment":[{"href":"https:\/\/lescreatifs.ma\/proxynsnew\/wp-json\/wp\/v2\/media?parent=11611"}],"wp:term":[{"taxonomy":"product_brand","embeddable":true,"href":"https:\/\/lescreatifs.ma\/proxynsnew\/wp-json\/wp\/v2\/product_brand?post=11611"},{"taxonomy":"product_cat","embeddable":true,"href":"https:\/\/lescreatifs.ma\/proxynsnew\/wp-json\/wp\/v2\/product_cat?post=11611"},{"taxonomy":"product_tag","embeddable":true,"href":"https:\/\/lescreatifs.ma\/proxynsnew\/wp-json\/wp\/v2\/product_tag?post=11611"}],"curies":[{"name":"wp","href":"https:\/\/api.w.org\/{rel}","templated":true}]}}