{"id":11479,"date":"2025-05-23T22:17:36","date_gmt":"2025-05-23T20:17:36","guid":{"rendered":"https:\/\/lescreatifs.ma\/proxynsnew\/?post_type=product&#038;p=11479"},"modified":"2025-05-25T01:59:39","modified_gmt":"2025-05-24T23:59:39","slug":"cadres-super-lourds-3","status":"publish","type":"product","link":"https:\/\/lescreatifs.ma\/proxynsnew\/product\/cadres-super-lourds-3\/","title":{"rendered":"CADRES SUPER LOURDS 3"},"content":{"rendered":"\t\t<div data-elementor-type=\"wp-post\" data-elementor-id=\"11479\" class=\"elementor elementor-11479\">\n\t\t\t\t<div class=\"elementor-element elementor-element-bbf881e e-flex e-con-boxed e-con e-parent\" data-id=\"bbf881e\" data-element_type=\"container\">\n\t\t\t\t\t<div class=\"e-con-inner\">\n\t\t<div class=\"elementor-element elementor-element-4d20f5b e-con-full e-flex e-con e-child\" data-id=\"4d20f5b\" data-element_type=\"container\">\n\t\t\t\t<div class=\"elementor-element elementor-element-29b0a38 elementor-widget elementor-widget-text-editor\" data-id=\"29b0a38\" data-element_type=\"widget\" data-widget_type=\"text-editor.default\">\n\t\t\t\t<div class=\"elementor-widget-container\">\n\t\t\t\t\t\t\t\t\tPour la combinaison de mesures dimensionnelles et d&#8217;inscpection visuelle<\/br>\nDans ce cas, les cam\u00e9ras sont situ\u00e9es \u00e0 l&#8217;int\u00e9rieur des poutes du cadre\t\t\t\t\t\t\t\t<\/div>\n\t\t\t\t<\/div>\n\t\t\t\t<\/div>\n\t\t<div class=\"elementor-element elementor-element-7c4d94b e-con-full e-flex e-con e-child\" data-id=\"7c4d94b\" data-element_type=\"container\">\n\t\t\t\t<div class=\"elementor-element elementor-element-96dc2ba elementor-widget elementor-widget-text-editor\" data-id=\"96dc2ba\" data-element_type=\"widget\" data-widget_type=\"text-editor.default\">\n\t\t\t\t<div class=\"elementor-widget-container\">\n\t\t\t\t\t\t\t\t\t<ul><li><strong style=\"font-size: 20px; font-weight: 500;\">Syst\u00e8me de refroidissement du scanne<\/strong><\/li><li><strong style=\"font-size: 20px; font-weight: 500;\">Pied d&#8217;extension<\/strong><\/li><li><strong style=\"font-size: 20px; font-weight: 500;\">T\u00e9moin lumineux tricolores<\/strong><\/li><\/ul>\t\t\t\t\t\t\t\t<\/div>\n\t\t\t\t<\/div>\n\t\t\t\t<\/div>\n\t\t<div class=\"elementor-element elementor-element-ee61345 e-con-full e-flex e-con e-child\" data-id=\"ee61345\" data-element_type=\"container\">\n\t\t\t\t<div class=\"elementor-element elementor-element-ecc10df elementor-widget elementor-widget-text-editor\" data-id=\"ecc10df\" data-element_type=\"widget\" data-widget_type=\"text-editor.default\">\n\t\t\t\t<div class=\"elementor-widget-container\">\n\t\t\t\t\t\t\t\t\t<ul><li><strong style=\"font-size: 20px; font-weight: 500;\">Compteur kilom\u00e9trique :<\/strong> Avec ou sans support\/ avec rallonge cable<\/li><li><strong style=\"font-size: 20px; font-weight: 500;\">Pied d&#8217;extension :<\/strong> Panneu \u00e9lectrique et t\u00eates<\/li><li><strong style=\"font-size: 20px; font-weight: 500;\">T\u00e9moin lumineux tricolores :<\/strong> 3 button<\/li><\/ul>\t\t\t\t\t\t\t\t<\/div>\n\t\t\t\t<\/div>\n\t\t\t\t<\/div>\n\t\t\t\t\t<\/div>\n\t\t\t\t<\/div>\n\t\t\t\t<\/div>\n\t\t","protected":false},"excerpt":{"rendered":"<p>SUPER HEAVY FRAMES 3 est un scanner combinant plusieurs technologies pour la mesure de l&#8217;\u00e9paisseur, de la charge et de l&#8217;humidit\u00e9, ainsi que pour l&#8217;inspection de surface. Le syst\u00e8me de mesure en ligne par rayons X de SCANTECH offre une inspection de surface \u00e0 100 %\u00a0: 1) Mesure de l&#8217;\u00e9paisseur et\/ou du poids des films et des feuilles. 2) Capacit\u00e9 de mesurer et de profiler les additifs et les charges. 3) Inspection optique \u00e0 100\u00a0% des d\u00e9fauts visuels\u00a0: exemples\u00a0: carbones, gels, broches, stries, insectes, salet\u00e9s, etc. 4) Contr\u00f4le de la vitesse MD et contr\u00f4le automatique des boulons de matrice en option. 5) Logiciel Flexscan6 moderne et intuitif.<\/p>\n","protected":false},"featured_media":11480,"template":"","meta":[],"product_brand":[],"product_cat":[289,287],"product_tag":[],"class_list":{"0":"post-11479","1":"product","2":"type-product","3":"status-publish","4":"has-post-thumbnail","6":"product_cat-films-plastiques-et-metaux","7":"product_cat-metrologie-de-process","9":"first","10":"instock","11":"shipping-taxable","12":"purchasable","13":"product-type-simple","14":"add-to-wishlist-after_add_to_cart"},"_links":{"self":[{"href":"https:\/\/lescreatifs.ma\/proxynsnew\/wp-json\/wp\/v2\/product\/11479","targetHints":{"allow":["GET"]}}],"collection":[{"href":"https:\/\/lescreatifs.ma\/proxynsnew\/wp-json\/wp\/v2\/product"}],"about":[{"href":"https:\/\/lescreatifs.ma\/proxynsnew\/wp-json\/wp\/v2\/types\/product"}],"version-history":[{"count":11,"href":"https:\/\/lescreatifs.ma\/proxynsnew\/wp-json\/wp\/v2\/product\/11479\/revisions"}],"predecessor-version":[{"id":11598,"href":"https:\/\/lescreatifs.ma\/proxynsnew\/wp-json\/wp\/v2\/product\/11479\/revisions\/11598"}],"wp:featuredmedia":[{"embeddable":true,"href":"https:\/\/lescreatifs.ma\/proxynsnew\/wp-json\/wp\/v2\/media\/11480"}],"wp:attachment":[{"href":"https:\/\/lescreatifs.ma\/proxynsnew\/wp-json\/wp\/v2\/media?parent=11479"}],"wp:term":[{"taxonomy":"product_brand","embeddable":true,"href":"https:\/\/lescreatifs.ma\/proxynsnew\/wp-json\/wp\/v2\/product_brand?post=11479"},{"taxonomy":"product_cat","embeddable":true,"href":"https:\/\/lescreatifs.ma\/proxynsnew\/wp-json\/wp\/v2\/product_cat?post=11479"},{"taxonomy":"product_tag","embeddable":true,"href":"https:\/\/lescreatifs.ma\/proxynsnew\/wp-json\/wp\/v2\/product_tag?post=11479"}],"curies":[{"name":"wp","href":"https:\/\/api.w.org\/{rel}","templated":true}]}}