{"id":11395,"date":"2025-05-23T15:44:08","date_gmt":"2025-05-23T13:44:08","guid":{"rendered":"https:\/\/lescreatifs.ma\/proxynsnew\/?post_type=product&#038;p=11395"},"modified":"2025-07-19T00:07:28","modified_gmt":"2025-07-18T22:07:28","slug":"ecran-de-nutation","status":"publish","type":"product","link":"https:\/\/lescreatifs.ma\/proxynsnew\/product\/ecran-de-nutation\/","title":{"rendered":"\u00c9cran de nutation"},"content":{"rendered":"\t\t<div data-elementor-type=\"wp-post\" data-elementor-id=\"11395\" class=\"elementor elementor-11395\">\n\t\t\t\t<div class=\"elementor-element elementor-element-d4e7ca3 e-flex e-con-boxed e-con e-parent\" data-id=\"d4e7ca3\" data-element_type=\"container\">\n\t\t\t\t\t<div class=\"e-con-inner\">\n\t\t<div class=\"elementor-element elementor-element-a049bbd e-con-full e-flex e-con e-child\" data-id=\"a049bbd\" data-element_type=\"container\">\n\t\t\t\t<div class=\"elementor-element elementor-element-a379e3a elementor-widget elementor-widget-text-editor\" data-id=\"a379e3a\" data-element_type=\"widget\" data-widget_type=\"text-editor.default\">\n\t\t\t\t<div class=\"elementor-widget-container\">\n\t\t\t\t\t\t\t\t\tLes \u00e9crans circulaires \u00e9lectriques sont caract\u00e9ris\u00e9s par leur mouvement de nutation.\nGr\u00e2ce \u00e0 leur technologie de fabrication et de la m\u00e9canique, ils sont largement utilis\u00e9s lorsque, en raison de la nature des produits, les mouvements vibratoires causeraient des probl\u00e8mes de fonctionnement.<\/p>\n<p class=\"corposcheda\">FEJ \u00e9crans de nutation sont g\u00e9n\u00e9ralement utilis\u00e9s pour tamiser des produits extr\u00eamement fins et \/ ou l\u00e9gers (farine alimentaire, mat\u00e9riaux micronis\u00e9s, poudres min\u00e9rales, des poudres de plastique).\nAvec l&#8217;utilisation d&#8217;un \u00e9cran typique de vibration, nous remarquerions que le produit, en rebondissant, aurait tendance \u00e0 rester en suspension, et fatiguerait \u00e0 entrer en contact avec la maille de tamisage; cela se traduirait par la s\u00e9paration inefficace des diff\u00e9rentes tailles de particules et de toute fa\u00e7on dans les taux horaires extr\u00eamement faibles.<\/p>\n<p class=\"corposcheda\">Avec culbutage du produit, au lieu de rebondir, glisse en spirale sur la maille de tamisage, augmentant ainsi la possibilit\u00e9 \u00e0 ce qu&#8217;il passe \u00e0 travers les mailles; il en r\u00e9sulte un excellent degr\u00e9 de s\u00e9paration et dans les taux horaires extr\u00eamement \u00e9lev\u00e9s.<\/p>\n\n<div>En termes simples, le mouvement g\u00e9n\u00e9r\u00e9 par les \u00e9crans FEJ est similaire \u00e0 celui obtenu gr\u00e2ce au tamisage manuel.<\/div>\n<div><\/div>\n<div>Les \u00e9crans FEJ compos\u00e9 d&#8217;une base pyramidale en acier au carbone, surmont\u00e9 par l&#8217;unit\u00e9 de contr\u00f4le, en acier au carbone ou en acier inoxydable, y compris un \u00e0 quatre surfaces de criblage.<\/div>\n<div>\n<div><\/div>\n<div>\n\nToutes les machines sont livr\u00e9es avec couvercle.\n\n<\/div>\n<div>Si n\u00e9cessaire, vous pouvez installer des syst\u00e8mes de nettoyage des mailles,qui, dans ce cas, seront de type \u201cboules&#8221; ou \u201cKleener&#8221;.<\/div>\t\t\t\t\t\t\t\t<\/div>\n\t\t\t\t<\/div>\n\t\t<div class=\"elementor-element elementor-element-e3cb972 e-con-full e-flex e-con e-child\" data-id=\"e3cb972\" data-element_type=\"container\">\n\t\t\t\t<div class=\"elementor-element elementor-element-5f099ba elementor-widget__width-initial elementor-widget elementor-widget-video\" data-id=\"5f099ba\" data-element_type=\"widget\" data-settings=\"{&quot;youtube_url&quot;:&quot;https:\\\/\\\/www.youtube.com\\\/watch?v=WSAh2S7T7bo&quot;,&quot;autoplay&quot;:&quot;yes&quot;,&quot;video_type&quot;:&quot;youtube&quot;,&quot;controls&quot;:&quot;yes&quot;}\" data-widget_type=\"video.default\">\n\t\t\t\t<div class=\"elementor-widget-container\">\n\t\t\t\t\t\t\t<div class=\"elementor-wrapper elementor-open-inline\">\n\t\t\t<div class=\"elementor-video\"><\/div>\t\t<\/div>\n\t\t\t\t\t\t<\/div>\n\t\t\t\t<\/div>\n\t\t\t\t<\/div>\n\t\t\t\t<\/div>\n\t\t\t\t\t<\/div>\n\t\t\t\t<\/div>\n\t\t<div class=\"elementor-element elementor-element-df22222 e-flex e-con-boxed e-con e-parent\" data-id=\"df22222\" data-element_type=\"container\">\n\t\t\t\t\t<div class=\"e-con-inner\">\n\t\t\t\t<div class=\"elementor-element elementor-element-60c7141 elementor-align-center elementor-widget elementor-widget-button\" data-id=\"60c7141\" data-element_type=\"widget\" data-widget_type=\"button.default\">\n\t\t\t\t<div class=\"elementor-widget-container\">\n\t\t\t\t\t\t\t\t\t<div class=\"elementor-button-wrapper\">\n\t\t\t\t\t<a class=\"elementor-button elementor-button-link elementor-size-sm\" href=\"https:\/\/lescreatifs.ma\/proxynsnew\/wp-content\/uploads\/2025\/05\/05-vaglio-nutaz_FRA.pdf\" target=\"_blank\">\n\t\t\t\t\t\t<span class=\"elementor-button-content-wrapper\">\n\t\t\t\t\t\t<span class=\"elementor-button-icon\">\n\t\t\t\t<svg aria-hidden=\"true\" class=\"e-font-icon-svg e-far-file-pdf\" viewBox=\"0 0 384 512\" xmlns=\"http:\/\/www.w3.org\/2000\/svg\"><path d=\"M369.9 97.9L286 14C277 5 264.8-.1 252.1-.1H48C21.5 0 0 21.5 0 48v416c0 26.5 21.5 48 48 48h288c26.5 0 48-21.5 48-48V131.9c0-12.7-5.1-25-14.1-34zM332.1 128H256V51.9l76.1 76.1zM48 464V48h160v104c0 13.3 10.7 24 24 24h104v288H48zm250.2-143.7c-12.2-12-47-8.7-64.4-6.5-17.2-10.5-28.7-25-36.8-46.3 3.9-16.1 10.1-40.6 5.4-56-4.2-26.2-37.8-23.6-42.6-5.9-4.4 16.1-.4 38.5 7 67.1-10 23.9-24.9 56-35.4 74.4-20 10.3-47 26.2-51 46.2-3.3 15.8 26 55.2 76.1-31.2 22.4-7.4 46.8-16.5 68.4-20.1 18.9 10.2 41 17 55.8 17 25.5 0 28-28.2 17.5-38.7zm-198.1 77.8c5.1-13.7 24.5-29.5 30.4-35-19 30.3-30.4 35.7-30.4 35zm81.6-190.6c7.4 0 6.7 32.1 1.8 40.8-4.4-13.9-4.3-40.8-1.8-40.8zm-24.4 136.6c9.7-16.9 18-37 24.7-54.7 8.3 15.1 18.9 27.2 30.1 35.5-20.8 4.3-38.9 13.1-54.8 19.2zm131.6-5s-5 6-37.3-7.8c35.1-2.6 40.9 5.4 37.3 7.8z\"><\/path><\/svg>\t\t\t<\/span>\n\t\t\t\t\t\t\t\t\t<span class=\"elementor-button-text\">Fiche technique <\/span>\n\t\t\t\t\t<\/span>\n\t\t\t\t\t<\/a>\n\t\t\t\t<\/div>\n\t\t\t\t\t\t\t\t<\/div>\n\t\t\t\t<\/div>\n\t\t\t\t\t<\/div>\n\t\t\t\t<\/div>\n\t\t\t\t<\/div>\n\t\t","protected":false},"excerpt":{"rendered":"<p class=\"corposcheda\">Les \u00e9crans circulaires \u00e9lectriques sont caract\u00e9ris\u00e9s par leur mouvement de nutation.<br \/>\nGr\u00e2ce \u00e0 leur technologie de fabrication et de la m\u00e9canique, ils sont largement utilis\u00e9s lorsque, en raison de la nature des produits, les mouvements vibratoires causeraient des probl\u00e8mes de fonctionnement.<\/p>\n","protected":false},"featured_media":11396,"template":"","meta":[],"product_brand":[],"product_cat":[277,280],"product_tag":[58,214],"class_list":{"0":"post-11395","1":"product","2":"type-product","3":"status-publish","4":"has-post-thumbnail","6":"product_cat-industrie-agroalimentaire","7":"product_cat-tamisage","8":"product_tag-tag-accessories","9":"product_tag-tag-trousers","11":"first","12":"instock","13":"shipping-taxable","14":"purchasable","15":"product-type-simple","16":"add-to-wishlist-after_add_to_cart"},"_links":{"self":[{"href":"https:\/\/lescreatifs.ma\/proxynsnew\/wp-json\/wp\/v2\/product\/11395","targetHints":{"allow":["GET"]}}],"collection":[{"href":"https:\/\/lescreatifs.ma\/proxynsnew\/wp-json\/wp\/v2\/product"}],"about":[{"href":"https:\/\/lescreatifs.ma\/proxynsnew\/wp-json\/wp\/v2\/types\/product"}],"version-history":[{"count":30,"href":"https:\/\/lescreatifs.ma\/proxynsnew\/wp-json\/wp\/v2\/product\/11395\/revisions"}],"predecessor-version":[{"id":11710,"href":"https:\/\/lescreatifs.ma\/proxynsnew\/wp-json\/wp\/v2\/product\/11395\/revisions\/11710"}],"wp:featuredmedia":[{"embeddable":true,"href":"https:\/\/lescreatifs.ma\/proxynsnew\/wp-json\/wp\/v2\/media\/11396"}],"wp:attachment":[{"href":"https:\/\/lescreatifs.ma\/proxynsnew\/wp-json\/wp\/v2\/media?parent=11395"}],"wp:term":[{"taxonomy":"product_brand","embeddable":true,"href":"https:\/\/lescreatifs.ma\/proxynsnew\/wp-json\/wp\/v2\/product_brand?post=11395"},{"taxonomy":"product_cat","embeddable":true,"href":"https:\/\/lescreatifs.ma\/proxynsnew\/wp-json\/wp\/v2\/product_cat?post=11395"},{"taxonomy":"product_tag","embeddable":true,"href":"https:\/\/lescreatifs.ma\/proxynsnew\/wp-json\/wp\/v2\/product_tag?post=11395"}],"curies":[{"name":"wp","href":"https:\/\/api.w.org\/{rel}","templated":true}]}}