{"id":7195,"date":"2023-12-21T08:45:36","date_gmt":"2023-12-21T01:45:36","guid":{"rendered":"https:\/\/lescreatifs.ma\/proxynsnew\/?page_id=7195"},"modified":"2025-07-29T00:32:04","modified_gmt":"2025-07-28T22:32:04","slug":"qui-sommes-nous","status":"publish","type":"page","link":"https:\/\/lescreatifs.ma\/proxynsnew\/qui-sommes-nous\/","title":{"rendered":"Qui sommes nous"},"content":{"rendered":"\t\t<div data-elementor-type=\"wp-page\" data-elementor-id=\"7195\" class=\"elementor elementor-7195\">\n\t\t\t\t<div class=\"elementor-element elementor-element-48a40a2 e-flex e-con-boxed e-con e-parent\" data-id=\"48a40a2\" data-element_type=\"container\">\n\t\t\t\t\t<div class=\"e-con-inner\">\n\t\t\t\t<div class=\"elementor-element elementor-element-c0b069b elementor-widget elementor-widget-text-editor\" data-id=\"c0b069b\" data-element_type=\"widget\" data-widget_type=\"text-editor.default\">\n\t\t\t\t<div class=\"elementor-widget-container\">\n\t\t\t\t\t\t\t\t\t<h5 class=\"mb-50 mb-xs-30\"><b>ProXyns Services<\/b>\u00a0est n\u00e9e d\u2019une ambition simple : offrir aux industriels une expertise technique fiable, un accompagnement de proximit\u00e9 et des solutions durables \u00e0 forte valeur ajout\u00e9e.<\/h5>\t\t\t\t\t\t\t\t<\/div>\n\t\t\t\t<\/div>\n\t\t\t\t\t<\/div>\n\t\t\t\t<\/div>\n\t\t<div class=\"elementor-element elementor-element-e982a77 e-flex e-con-boxed e-con e-parent\" data-id=\"e982a77\" data-element_type=\"container\">\n\t\t\t\t\t<div class=\"e-con-inner\">\n\t\t<div class=\"elementor-element elementor-element-508be3a e-con-full e-flex e-con e-child\" data-id=\"508be3a\" data-element_type=\"container\">\n\t\t\t\t<div class=\"elementor-element elementor-element-afa2080 elementor-widget elementor-widget-text-editor\" data-id=\"afa2080\" data-element_type=\"widget\" data-widget_type=\"text-editor.default\">\n\t\t\t\t<div class=\"elementor-widget-container\">\n\t\t\t\t\t\t\t\t\t<p>Nous intervenons \u00e0 l\u2019intersection de plusieurs univers \u2013 l\u2019industrie de transformation, le laboratoire, l\u2019agroalimentaire, la chimie, ou encore la production min\u00e9rale \u2013 avec une promesse claire :\u00a0<b>comprendre vos enjeux, simplifier vos choix techniques et maximiser la performance de vos installations<\/b>.<\/p>\t\t\t\t\t\t\t\t<\/div>\n\t\t\t\t<\/div>\n\t\t\t\t<div class=\"elementor-element elementor-element-3be7763 elementor-widget elementor-widget-heading\" data-id=\"3be7763\" data-element_type=\"widget\" data-widget_type=\"heading.default\">\n\t\t\t\t<div class=\"elementor-widget-container\">\n\t\t\t\t\t<h3 class=\"elementor-heading-title elementor-size-default\">Une approche orient\u00e9e client<\/h3>\t\t\t\t<\/div>\n\t\t\t\t<\/div>\n\t\t\t\t<div class=\"elementor-element elementor-element-4dbe9f3 elementor-widget elementor-widget-text-editor\" data-id=\"4dbe9f3\" data-element_type=\"widget\" data-widget_type=\"text-editor.default\">\n\t\t\t\t<div class=\"elementor-widget-container\">\n\t\t\t\t\t\t\t\t\t<p>Chez\u00a0<b>ProXyns<\/b>, nous ne sommes pas de simples revendeurs de mat\u00e9riel. Nous sommes\u00a0<b>votre partenaire technique<\/b>, du conseil \u00e0 l\u2019impl\u00e9mentation, en passant par la formation, l\u2019assistance, la maintenance et le suivi post-installation.<\/p><p>Nous privil\u00e9gions\u00a0<b>l\u2019\u00e9coute, la r\u00e9activit\u00e9 et la clart\u00e9<\/b>\u00a0dans toutes nos interactions. Notre objectif :\u00a0<b>vous aider \u00e0 prendre des d\u00e9cisions \u00e9clair\u00e9es<\/b>\u00a0et garantir la continuit\u00e9 de vos op\u00e9rations, quelles que soient les contraintes.<\/p>\t\t\t\t\t\t\t\t<\/div>\n\t\t\t\t<\/div>\n\t\t\t\t<\/div>\n\t\t<div class=\"elementor-element elementor-element-32afa51 e-con-full e-flex e-con e-child\" data-id=\"32afa51\" data-element_type=\"container\">\n\t\t\t\t<div class=\"elementor-element elementor-element-e1d0c65 elementor-widget elementor-widget-image\" data-id=\"e1d0c65\" data-element_type=\"widget\" data-widget_type=\"image.default\">\n\t\t\t\t<div class=\"elementor-widget-container\">\n\t\t\t\t\t\t\t\t\t\t\t\t\t\t\t<img fetchpriority=\"high\" decoding=\"async\" width=\"960\" height=\"750\" src=\"https:\/\/lescreatifs.ma\/proxynsnew\/wp-content\/uploads\/2024\/05\/Design-sans-titre-27.png\" class=\"attachment-large size-large wp-image-11042\" alt=\"\" srcset=\"https:\/\/lescreatifs.ma\/proxynsnew\/wp-content\/uploads\/2024\/05\/Design-sans-titre-27.png 960w, https:\/\/lescreatifs.ma\/proxynsnew\/wp-content\/uploads\/2024\/05\/Design-sans-titre-27-300x234.png 300w, https:\/\/lescreatifs.ma\/proxynsnew\/wp-content\/uploads\/2024\/05\/Design-sans-titre-27-768x600.png 768w, https:\/\/lescreatifs.ma\/proxynsnew\/wp-content\/uploads\/2024\/05\/Design-sans-titre-27-800x625.png 800w\" sizes=\"(max-width: 960px) 100vw, 960px\" \/>\t\t\t\t\t\t\t\t\t\t\t\t\t\t\t<\/div>\n\t\t\t\t<\/div>\n\t\t\t\t<\/div>\n\t\t\t\t\t<\/div>\n\t\t\t\t<\/div>\n\t\t<div class=\"elementor-element elementor-element-95f21d1 e-flex e-con-boxed e-con e-parent\" data-id=\"95f21d1\" data-element_type=\"container\" data-settings=\"{&quot;background_background&quot;:&quot;gradient&quot;}\">\n\t\t\t\t\t<div class=\"e-con-inner\">\n\t\t<div class=\"elementor-element elementor-element-2e82e12 e-con-full e-flex e-con e-child\" data-id=\"2e82e12\" data-element_type=\"container\">\n\t\t\t\t<div class=\"elementor-element elementor-element-c481bb2 elementor-widget elementor-widget-image\" data-id=\"c481bb2\" data-element_type=\"widget\" data-widget_type=\"image.default\">\n\t\t\t\t<div class=\"elementor-widget-container\">\n\t\t\t\t\t\t\t\t\t\t\t\t\t\t\t<img fetchpriority=\"high\" decoding=\"async\" width=\"960\" height=\"750\" src=\"https:\/\/lescreatifs.ma\/proxynsnew\/wp-content\/uploads\/2024\/05\/Design-sans-titre-27.png\" class=\"attachment-large size-large wp-image-11042\" alt=\"\" srcset=\"https:\/\/lescreatifs.ma\/proxynsnew\/wp-content\/uploads\/2024\/05\/Design-sans-titre-27.png 960w, https:\/\/lescreatifs.ma\/proxynsnew\/wp-content\/uploads\/2024\/05\/Design-sans-titre-27-300x234.png 300w, https:\/\/lescreatifs.ma\/proxynsnew\/wp-content\/uploads\/2024\/05\/Design-sans-titre-27-768x600.png 768w, https:\/\/lescreatifs.ma\/proxynsnew\/wp-content\/uploads\/2024\/05\/Design-sans-titre-27-800x625.png 800w\" sizes=\"(max-width: 960px) 100vw, 960px\" \/>\t\t\t\t\t\t\t\t\t\t\t\t\t\t\t<\/div>\n\t\t\t\t<\/div>\n\t\t\t\t<\/div>\n\t\t<div class=\"elementor-element elementor-element-c249830 e-con-full e-flex e-con e-child\" data-id=\"c249830\" data-element_type=\"container\">\n\t\t\t\t<div class=\"elementor-element elementor-element-7b6fd43 elementor-widget elementor-widget-heading\" data-id=\"7b6fd43\" data-element_type=\"widget\" data-widget_type=\"heading.default\">\n\t\t\t\t<div class=\"elementor-widget-container\">\n\t\t\t\t\t<h3 class=\"elementor-heading-title elementor-size-default\">Notre force : un r\u00e9seau et une expertise terrain<\/h3>\t\t\t\t<\/div>\n\t\t\t\t<\/div>\n\t\t\t\t<div class=\"elementor-element elementor-element-7b969a5 elementor-widget__width-initial elementor-widget elementor-widget-text-editor\" data-id=\"7b969a5\" data-element_type=\"widget\" data-widget_type=\"text-editor.default\">\n\t\t\t\t<div class=\"elementor-widget-container\">\n\t\t\t\t\t\t\t\t\t<p>Fort de plusieurs ann\u00e9es d\u2019exp\u00e9rience dans des environnements industriels exigeants, nous collaborons avec des fabricants internationaux reconnus, choisis pour la qualit\u00e9, la pr\u00e9cision et la fiabilit\u00e9 de leurs \u00e9quipements.<\/p><p>Gr\u00e2ce \u00e0 ce r\u00e9seau et \u00e0 notre ancrage terrain, nous pouvons :<\/p><p>&#8211; Proposer des\u00a0<b>solutions adapt\u00e9es \u00e0 vos contraintes techniques et budg\u00e9taires<\/b>\u00a0<\/p><p>&#8211; Assurer\u00a0<b>un accompagnement sur-mesure<\/b>\u00a0\u00e0 chaque \u00e9tape de votre projet<\/p><p>&#8211; Fournir des\u00a0<b>pi\u00e8ces de rechange et consommables multimarques<\/b>\u00a0pour vous \u00e9viter des interruptions co\u00fbteuses.<\/p>\t\t\t\t\t\t\t\t<\/div>\n\t\t\t\t<\/div>\n\t\t\t\t<\/div>\n\t\t\t\t\t<\/div>\n\t\t\t\t<\/div>\n\t\t<div class=\"elementor-element elementor-element-4ba4f1f e-flex e-con-boxed e-con e-parent\" data-id=\"4ba4f1f\" data-element_type=\"container\">\n\t\t\t\t\t<div class=\"e-con-inner\">\n\t\t\t\t<div class=\"elementor-element elementor-element-05db104 elementor-widget elementor-widget-heading\" data-id=\"05db104\" data-element_type=\"widget\" data-widget_type=\"heading.default\">\n\t\t\t\t<div class=\"elementor-widget-container\">\n\t\t\t\t\t<h3 class=\"elementor-heading-title elementor-size-default\">Une vision engag\u00e9e\n<\/h3>\t\t\t\t<\/div>\n\t\t\t\t<\/div>\n\t\t\t\t<div class=\"elementor-element elementor-element-ad855b7 elementor-widget elementor-widget-text-editor\" data-id=\"ad855b7\" data-element_type=\"widget\" data-widget_type=\"text-editor.default\">\n\t\t\t\t<div class=\"elementor-widget-container\">\n\t\t\t\t\t\t\t\t\tNotre m\u00e9tier ne s\u2019arr\u00eate pas \u00e0 la vente : nous croyons en un\u00a0partenariat de long terme, bas\u00e9 sur la\u00a0confiance, la transparence et la performance.\n\n<b>ProXyns<\/b>, c\u2019est aussi une vision : celle d\u2019un acteur agile, \u00e0 taille humaine, engag\u00e9 pour une\u00a0industrie plus fiable, plus durable, et plus humaine.\t\t\t\t\t\t\t\t<\/div>\n\t\t\t\t<\/div>\n\t\t\t\t\t<\/div>\n\t\t\t\t<\/div>\n\t\t\t\t<\/div>\n\t\t","protected":false},"excerpt":{"rendered":"<p>ProXyns Services\u00a0est n\u00e9e d\u2019une ambition simple : offrir aux industriels une expertise technique fiable, un accompagnement de proximit\u00e9 et des solutions durables \u00e0 forte valeur ajout\u00e9e. Nous intervenons \u00e0 l\u2019intersection de plusieurs univers \u2013 l\u2019industrie de transformation, le laboratoire, l\u2019agroalimentaire, la chimie, ou encore la production min\u00e9rale \u2013 avec une promesse claire :\u00a0comprendre vos enjeux, [&hellip;]<\/p>\n","protected":false},"author":1,"featured_media":0,"parent":0,"menu_order":0,"comment_status":"closed","ping_status":"closed","template":"","meta":{"footnotes":""},"class_list":["post-7195","page","type-page","status-publish","hentry"],"_links":{"self":[{"href":"https:\/\/lescreatifs.ma\/proxynsnew\/wp-json\/wp\/v2\/pages\/7195","targetHints":{"allow":["GET"]}}],"collection":[{"href":"https:\/\/lescreatifs.ma\/proxynsnew\/wp-json\/wp\/v2\/pages"}],"about":[{"href":"https:\/\/lescreatifs.ma\/proxynsnew\/wp-json\/wp\/v2\/types\/page"}],"author":[{"embeddable":true,"href":"https:\/\/lescreatifs.ma\/proxynsnew\/wp-json\/wp\/v2\/users\/1"}],"replies":[{"embeddable":true,"href":"https:\/\/lescreatifs.ma\/proxynsnew\/wp-json\/wp\/v2\/comments?post=7195"}],"version-history":[{"count":33,"href":"https:\/\/lescreatifs.ma\/proxynsnew\/wp-json\/wp\/v2\/pages\/7195\/revisions"}],"predecessor-version":[{"id":11842,"href":"https:\/\/lescreatifs.ma\/proxynsnew\/wp-json\/wp\/v2\/pages\/7195\/revisions\/11842"}],"wp:attachment":[{"href":"https:\/\/lescreatifs.ma\/proxynsnew\/wp-json\/wp\/v2\/media?parent=7195"}],"curies":[{"name":"wp","href":"https:\/\/api.w.org\/{rel}","templated":true}]}}