{"id":11811,"date":"2025-07-25T13:49:18","date_gmt":"2025-07-25T11:49:18","guid":{"rendered":"https:\/\/lescreatifs.ma\/proxynsnew\/?page_id=11811"},"modified":"2025-07-28T18:36:46","modified_gmt":"2025-07-28T16:36:46","slug":"services-et-assistance","status":"publish","type":"page","link":"https:\/\/lescreatifs.ma\/proxynsnew\/services-et-assistance\/","title":{"rendered":"Services et assistance"},"content":{"rendered":"\t\t<div data-elementor-type=\"wp-page\" data-elementor-id=\"11811\" class=\"elementor elementor-11811\">\n\t\t\t\t<div class=\"elementor-element elementor-element-9ef1786 e-flex e-con-boxed e-con e-parent\" data-id=\"9ef1786\" data-element_type=\"container\" data-settings=\"{&quot;background_background&quot;:&quot;classic&quot;}\">\n\t\t\t\t\t<div class=\"e-con-inner\">\n\t\t\t\t<div class=\"elementor-element elementor-element-b7da709 elementor-widget elementor-widget-heading\" data-id=\"b7da709\" data-element_type=\"widget\" data-widget_type=\"heading.default\">\n\t\t\t\t<div class=\"elementor-widget-container\">\n\t\t\t\t\t<h3 class=\"elementor-heading-title elementor-size-default\">Formation<\/h3>\t\t\t\t<\/div>\n\t\t\t\t<\/div>\n\t\t\t\t<div class=\"elementor-element elementor-element-5673af7 elementor-invisible elementor-widget elementor-widget-text-editor\" data-id=\"5673af7\" data-element_type=\"widget\" data-settings=\"{&quot;_animation&quot;:&quot;fadeInUp&quot;}\" data-widget_type=\"text-editor.default\">\n\t\t\t\t<div class=\"elementor-widget-container\">\n\t\t\t\t\t\t\t\t\t<div>Nous accompagnons nos clients dans la prise en main de nos solutions \u00e0 travers des formations personnalis\u00e9es, en respectant strictement la confidentialit\u00e9 de leurs donn\u00e9es et processus. Nous intervenons \u00e9galement en conseil pour optimiser les performances et les proc\u00e9d\u00e9s industriels existants.<\/div>\t\t\t\t\t\t\t\t<\/div>\n\t\t\t\t<\/div>\n\t\t\t\t\t<\/div>\n\t\t\t\t<\/div>\n\t\t<div class=\"elementor-element elementor-element-951482c e-flex e-con-boxed e-con e-parent\" data-id=\"951482c\" data-element_type=\"container\" data-settings=\"{&quot;background_background&quot;:&quot;classic&quot;}\">\n\t\t\t\t\t<div class=\"e-con-inner\">\n\t\t\t\t<div class=\"elementor-element elementor-element-7674e05 elementor-widget elementor-widget-heading\" data-id=\"7674e05\" data-element_type=\"widget\" data-widget_type=\"heading.default\">\n\t\t\t\t<div class=\"elementor-widget-container\">\n\t\t\t\t\t<h3 class=\"elementor-heading-title elementor-size-default\">Assistance<\/h3>\t\t\t\t<\/div>\n\t\t\t\t<\/div>\n\t\t\t\t<div class=\"elementor-element elementor-element-4fe2715 elementor-invisible elementor-widget elementor-widget-text-editor\" data-id=\"4fe2715\" data-element_type=\"widget\" data-settings=\"{&quot;_animation&quot;:&quot;fadeInUp&quot;}\" data-widget_type=\"text-editor.default\">\n\t\t\t\t<div class=\"elementor-widget-container\">\n\t\t\t\t\t\t\t\t\t<p>Nos clients peuvent compter sur une assistance de proximit\u00e9 24\/7. Nous nous engageons \u00e0 r\u00e9pondre dans les meilleurs d\u00e9lais et \u00e0 proposer, si n\u00e9cessaire, du mat\u00e9riel de remplacement. Notre \u00e9quipe technique est form\u00e9e et certifi\u00e9e par nos fournisseurs partenaires.<\/p>\t\t\t\t\t\t\t\t<\/div>\n\t\t\t\t<\/div>\n\t\t\t\t\t<\/div>\n\t\t\t\t<\/div>\n\t\t<div class=\"elementor-element elementor-element-35a8d61 e-flex e-con-boxed e-con e-parent\" data-id=\"35a8d61\" data-element_type=\"container\" data-settings=\"{&quot;background_background&quot;:&quot;classic&quot;}\">\n\t\t\t\t\t<div class=\"e-con-inner\">\n\t\t\t\t<div class=\"elementor-element elementor-element-9cf09db elementor-widget elementor-widget-heading\" data-id=\"9cf09db\" data-element_type=\"widget\" data-widget_type=\"heading.default\">\n\t\t\t\t<div class=\"elementor-widget-container\">\n\t\t\t\t\t<h3 class=\"elementor-heading-title elementor-size-default\">\u00c9talonnage &amp; Maintenance<\/h3>\t\t\t\t<\/div>\n\t\t\t\t<\/div>\n\t\t\t\t<div class=\"elementor-element elementor-element-aabc560 elementor-invisible elementor-widget elementor-widget-text-editor\" data-id=\"aabc560\" data-element_type=\"widget\" data-settings=\"{&quot;_animation&quot;:&quot;fadeInUp&quot;}\" data-widget_type=\"text-editor.default\">\n\t\t\t\t<div class=\"elementor-widget-container\">\n\t\t\t\t\t\t\t\t\t<p>Pour tout mat\u00e9riel de laboratoire, nous proposons des services d\u2019\u00e9talonnage et de maintenance en partenariat avec la soci\u00e9t\u00e9\u00a0Biokal. Ce service est applicable \u00e0 l\u2019ensemble de nos \u00e9quipements de mesure, dans le respect des exigences qualit\u00e9 les plus strictes.<\/p>\t\t\t\t\t\t\t\t<\/div>\n\t\t\t\t<\/div>\n\t\t\t\t\t<\/div>\n\t\t\t\t<\/div>\n\t\t<div class=\"elementor-element elementor-element-d549aa4 e-flex e-con-boxed e-con e-parent\" data-id=\"d549aa4\" data-element_type=\"container\" data-settings=\"{&quot;background_background&quot;:&quot;classic&quot;}\">\n\t\t\t\t\t<div class=\"e-con-inner\">\n\t\t\t\t<div class=\"elementor-element elementor-element-777dadf elementor-widget elementor-widget-heading\" data-id=\"777dadf\" data-element_type=\"widget\" data-widget_type=\"heading.default\">\n\t\t\t\t<div class=\"elementor-widget-container\">\n\t\t\t\t\t<h3 class=\"elementor-heading-title elementor-size-default\">Pi\u00e8ces de rechange &amp; consommables<\/h3>\t\t\t\t<\/div>\n\t\t\t\t<\/div>\n\t\t\t\t<div class=\"elementor-element elementor-element-bedac83 elementor-invisible elementor-widget elementor-widget-text-editor\" data-id=\"bedac83\" data-element_type=\"widget\" data-settings=\"{&quot;_animation&quot;:&quot;fadeInUp&quot;}\" data-widget_type=\"text-editor.default\">\n\t\t\t\t<div class=\"elementor-widget-container\">\n\t\t\t\t\t\t\t\t\t<p>Nous savons que le changement de mat\u00e9riel peut \u00eatre contraignant. M\u00eame pour des \u00e9quipements ne provenant pas de nos marques, nous proposons un accompagnement objectif, des conseils adapt\u00e9s, ainsi qu\u2019une n\u00e9gociation optimis\u00e9e pour l\u2019obtention de pi\u00e8ces de rechange. Nous fournissons \u00e9galement des consommables pour toutes marques de solutions de tamisage.<\/p>\t\t\t\t\t\t\t\t<\/div>\n\t\t\t\t<\/div>\n\t\t\t\t\t<\/div>\n\t\t\t\t<\/div>\n\t\t\t\t<\/div>\n\t\t","protected":false},"excerpt":{"rendered":"<p>Formation Nous accompagnons nos clients dans la prise en main de nos solutions \u00e0 travers des formations personnalis\u00e9es, en respectant strictement la confidentialit\u00e9 de leurs donn\u00e9es et processus. Nous intervenons \u00e9galement en conseil pour optimiser les performances et les proc\u00e9d\u00e9s industriels existants. Assistance Nos clients peuvent compter sur une assistance de proximit\u00e9 24\/7. Nous nous [&hellip;]<\/p>\n","protected":false},"author":1,"featured_media":0,"parent":0,"menu_order":0,"comment_status":"closed","ping_status":"closed","template":"","meta":{"footnotes":""},"class_list":["post-11811","page","type-page","status-publish","hentry"],"_links":{"self":[{"href":"https:\/\/lescreatifs.ma\/proxynsnew\/wp-json\/wp\/v2\/pages\/11811","targetHints":{"allow":["GET"]}}],"collection":[{"href":"https:\/\/lescreatifs.ma\/proxynsnew\/wp-json\/wp\/v2\/pages"}],"about":[{"href":"https:\/\/lescreatifs.ma\/proxynsnew\/wp-json\/wp\/v2\/types\/page"}],"author":[{"embeddable":true,"href":"https:\/\/lescreatifs.ma\/proxynsnew\/wp-json\/wp\/v2\/users\/1"}],"replies":[{"embeddable":true,"href":"https:\/\/lescreatifs.ma\/proxynsnew\/wp-json\/wp\/v2\/comments?post=11811"}],"version-history":[{"count":10,"href":"https:\/\/lescreatifs.ma\/proxynsnew\/wp-json\/wp\/v2\/pages\/11811\/revisions"}],"predecessor-version":[{"id":11836,"href":"https:\/\/lescreatifs.ma\/proxynsnew\/wp-json\/wp\/v2\/pages\/11811\/revisions\/11836"}],"wp:attachment":[{"href":"https:\/\/lescreatifs.ma\/proxynsnew\/wp-json\/wp\/v2\/media?parent=11811"}],"curies":[{"name":"wp","href":"https:\/\/api.w.org\/{rel}","templated":true}]}}